{"id":9771,"date":"2022-03-16T22:34:29","date_gmt":"2022-03-16T22:34:29","guid":{"rendered":"https:\/\/fxgiants-com.wp-dev.int.theitops.net\/fxg\/?page_id=9771"},"modified":"2025-10-17T16:40:34","modified_gmt":"2025-10-17T13:40:34","slug":"vps-hosting","status":"publish","type":"page","link":"https:\/\/www.fxgiants-it.com\/fxg\/vi\/platforms\/vps-hosting\/","title":{"rendered":"M\u00e1y ch\u1ee7 VPS"},"content":{"rendered":"<div data-elementor-type=\"wp-page\" data-elementor-id=\"9771\" class=\"elementor elementor-9771\" data-elementor-post-type=\"page\">\n\t\t\t\t\t\t<section class=\"elementor-section elementor-top-section elementor-element elementor-element-81e081d elementor-section-boxed elementor-section-height-default elementor-section-height-default\" data-id=\"81e081d\" data-element_type=\"section\">\n\t\t\t\t\t\t<div class=\"elementor-container elementor-column-gap-default\">\n\t\t\t\t\t<div class=\"elementor-column elementor-col-100 elementor-top-column elementor-element elementor-element-738d1b8\" data-id=\"738d1b8\" data-element_type=\"column\">\n\t\t\t<div class=\"elementor-widget-wrap elementor-element-populated\">\n\t\t\t\t\t\t<div class=\"elementor-element elementor-element-bfe8ba9 elementor-widget elementor-widget-heading\" data-id=\"bfe8ba9\" data-element_type=\"widget\" data-widget_type=\"heading.default\">\n\t\t\t\t<div class=\"elementor-widget-container\">\n\t\t\t\t\t<h1 class=\"elementor-heading-title elementor-size-default\">M\u00e1y ch\u1ee7 Ri\u00eang \u1ea2o MT4<\/h1>\t\t\t\t<\/div>\n\t\t\t\t<\/div>\n\t\t\t\t<div class=\"elementor-element elementor-element-0dd8458 elementor-widget elementor-widget-heading\" data-id=\"0dd8458\" data-element_type=\"widget\" data-widget_type=\"heading.default\">\n\t\t\t\t<div class=\"elementor-widget-container\">\n\t\t\t\t\t<div class=\"elementor-heading-title elementor-size-default\">H\u00e3y k\u1ebft n\u1ed1i t\u00e0i kho\u1ea3n giao d\u1ecbch c\u1ee7a b\u1ea1n v\u1edbi VPS (M\u00e1y ch\u1ee7 ri\u00eang \u1ea3o) MT4 mi\u1ec5n ph\u00ed c\u1ee7a FXGiants v\u00e0 t\u1eadn d\u1ee5ng t\u1ed1i \u0111a giao d\u1ecbch. Truy c\u1eadp t\u00e0i kho\u1ea3n giao d\u1ecbch c\u1ee7a b\u1ea1n t\u1eeb m\u1ecdi n\u01a1i, m\u1ecdi l\u00fac, lo\u1ea1i b\u1ecf th\u1eddi gian ch\u1ebft v\u00e0 t\u0103ng t\u1ed1c \u0111\u1ed9 giao d\u1ecbch c\u1ee7a b\u1ea1n.<\/div>\t\t\t\t<\/div>\n\t\t\t\t<\/div>\n\t\t\t\t\t<\/div>\n\t\t<\/div>\n\t\t\t\t\t<\/div>\n\t\t<\/section>\n\t\t\t\t<section class=\"elementor-section elementor-top-section elementor-element elementor-element-86ad698 elementor-section-boxed elementor-section-height-default elementor-section-height-default\" data-id=\"86ad698\" data-element_type=\"section\">\n\t\t\t\t\t\t<div class=\"elementor-container elementor-column-gap-no\">\n\t\t\t\t\t<div class=\"elementor-column elementor-col-50 elementor-top-column elementor-element elementor-element-43ffa62\" data-id=\"43ffa62\" data-element_type=\"column\">\n\t\t\t<div class=\"elementor-widget-wrap elementor-element-populated\">\n\t\t\t\t\t\t<div class=\"elementor-element elementor-element-60777a6 elementor-widget elementor-widget-heading\" data-id=\"60777a6\" data-element_type=\"widget\" data-widget_type=\"heading.default\">\n\t\t\t\t<div class=\"elementor-widget-container\">\n\t\t\t\t\t<h2 class=\"elementor-heading-title elementor-size-default\">Th\u1ef1c thi Giao d\u1ecbch Nhanh<\/h2>\t\t\t\t<\/div>\n\t\t\t\t<\/div>\n\t\t\t\t<div class=\"elementor-element elementor-element-e095d28 elementor-widget elementor-widget-text-editor\" data-id=\"e095d28\" data-element_type=\"widget\" data-widget_type=\"text-editor.default\">\n\t\t\t\t<div class=\"elementor-widget-container\">\n\t\t\t\t\t\t\t\t\t<div class=\"text\">C\u1ea3i thi\u1ec7n giao d\u1ecbch c\u1ee7a b\u1ea1n th\u00f4ng qua n\u1ec1n t\u1ea3ng VPS MT4 mi\u1ec5n ph\u00ed c\u1ee7a FXGiants b\u1eb1ng c\u00e1ch k\u1ebft n\u1ed1i ngay l\u1eadp t\u1ee9c v\u1edbi thi\u1ebft b\u1ecb \u0111\u1ea7u cu\u1ed1i t\u1eeb xa trong v\u00f9ng l\u00e2n c\u1eadn c\u1ee7a m\u00e1y ch\u1ee7 giao d\u1ecbch. T\u1eadn h\u01b0\u1edfng vi\u1ec7c th\u1ef1c thi nhanh nh\u01b0 th\u1ec3 b\u1ea1n giao d\u1ecbch t\u1eeb M\u00e1y tinh C\u00e1 nh\u00e2n t\u1ea1i nh\u00e0, lo\u1ea1i b\u1ecf nh\u1eefng lo l\u1eafng v\u1ec1 c\u00e1c y\u1ebfu t\u1ed1 c\u00f3 th\u1ec3 \u1ea3nh h\u01b0\u1edfng \u0111\u1ebfn hi\u1ec7u qu\u1ea3 giao d\u1ecbch c\u1ee7a b\u1ea1n nh\u01b0 k\u1ebft n\u1ed1i internet k\u00e9m, c\u00fap \u0111i\u1ec7n ho\u1eb7c l\u1ed7i m\u00e1y t\u00ednh. VPS FXGiants l\u00e0 gi\u1ea3i ph\u00e1p ho\u00e0n h\u1ea3o cho b\u1ea5t k\u1ef3 nh\u00e0 giao d\u1ecbch t\u00edch c\u1ef1c n\u00e0o \u0111ang t\u00ecm ki\u1ebfm t\u1ed1c \u0111\u1ed9 giao d\u1ecbch ph\u00f9 h\u1ee3p b\u1ea5t k\u1ec3 v\u1ecb tr\u00ed \u0111\u1ecba l\u00fd c\u1ee7a b\u1ea1n.<\/div>\t\t\t\t\t\t\t\t<\/div>\n\t\t\t\t<\/div>\n\t\t\t\t<div class=\"elementor-element elementor-element-367e202 elementor-widget elementor-widget-text-editor\" data-id=\"367e202\" data-element_type=\"widget\" data-widget_type=\"text-editor.default\">\n\t\t\t\t<div class=\"elementor-widget-container\">\n\t\t\t\t\t\t\t\t\t<ul><li>K\u1ebft n\u1ed1i c\u00e1p quang<\/li><li>L\u00fd t\u01b0\u1edfng cho EA<\/li><li>Thi\u1ebft b\u1ecb \u0111\u1ea7u cu\u1ed1i \u1ea3o \u0111\u01b0\u1ee3c t\u1ea1o s\u1eb5n v\u00e0 \u0111\u01b0\u1ee3c c\u1ea5u h\u00ecnh<\/li><li>Ch\u1ea1y c\u00e1c l\u1ec7nh v\u1edbi \u0111\u1ed9 tr\u1ec5 t\u1ed1i thi\u1ec3u<\/li><li>Giao d\u1ecbch t\u1ef1 \u0111\u1ed9ng 24\/5<\/li><li>T\u1ed1i \u01b0u t\u1ed1c \u0111\u1ed9 k\u1ebft n\u1ed1i<\/li><li>Ph\u1ee5c h\u1ed3i nhanh d\u1eef li\u1ec7u b\u1ecb m\u1ea5t<\/li><\/ul>\t\t\t\t\t\t\t\t<\/div>\n\t\t\t\t<\/div>\n\t\t\t\t\t<\/div>\n\t\t<\/div>\n\t\t\t\t<div class=\"elementor-column elementor-col-50 elementor-top-column elementor-element elementor-element-40c89e5 elementor-hidden-tablet elementor-hidden-mobile\" data-id=\"40c89e5\" data-element_type=\"column\">\n\t\t\t<div class=\"elementor-widget-wrap elementor-element-populated\">\n\t\t\t\t\t\t<div class=\"elementor-element elementor-element-11da67a animated-slow elementor-hidden-tablet elementor-hidden-mobile elementor-widget__width-initial elementor-invisible elementor-widget elementor-widget-image\" data-id=\"11da67a\" data-element_type=\"widget\" data-settings=\"{&quot;_animation&quot;:&quot;fadeInLeft&quot;}\" data-widget_type=\"image.default\">\n\t\t\t\t<div class=\"elementor-widget-container\">\n\t\t\t\t\t\t\t\t\t\t\t\t\t\t\t<img fetchpriority=\"high\" decoding=\"async\" width=\"457\" height=\"611\" src=\"\/fxg\/wp-content\/uploads\/2022\/03\/vps-trading-server-speed-terminal.png\" class=\"attachment-large size-large wp-image-9780\" alt=\"Trade using the vps trading server\" \/>\t\t\t\t\t\t\t\t\t\t\t\t\t\t\t<\/div>\n\t\t\t\t<\/div>\n\t\t\t\t\t<\/div>\n\t\t<\/div>\n\t\t\t\t\t<\/div>\n\t\t<\/section>\n\t\t\t\t<section class=\"elementor-section elementor-top-section elementor-element elementor-element-41b8d7e elementor-section-boxed elementor-section-height-default elementor-section-height-default\" data-id=\"41b8d7e\" data-element_type=\"section\" data-settings=\"{&quot;background_background&quot;:&quot;classic&quot;}\">\n\t\t\t\t\t\t<div class=\"elementor-container elementor-column-gap-default\">\n\t\t\t\t\t<div class=\"elementor-column elementor-col-100 elementor-top-column elementor-element elementor-element-5881d89\" data-id=\"5881d89\" data-element_type=\"column\">\n\t\t\t<div class=\"elementor-widget-wrap elementor-element-populated\">\n\t\t\t\t\t\t<section class=\"elementor-section elementor-inner-section elementor-element elementor-element-8df73f2 elementor-section-boxed elementor-section-height-default elementor-section-height-default\" data-id=\"8df73f2\" data-element_type=\"section\">\n\t\t\t\t\t\t<div class=\"elementor-container elementor-column-gap-default\">\n\t\t\t\t\t<div class=\"elementor-column elementor-col-50 elementor-inner-column elementor-element elementor-element-b55152c elementor-hidden-tablet elementor-hidden-mobile\" data-id=\"b55152c\" data-element_type=\"column\">\n\t\t\t<div class=\"elementor-widget-wrap elementor-element-populated\">\n\t\t\t\t\t\t<div class=\"elementor-element elementor-element-894e130 elementor-widget elementor-widget-image\" data-id=\"894e130\" data-element_type=\"widget\" data-widget_type=\"image.default\">\n\t\t\t\t<div class=\"elementor-widget-container\">\n\t\t\t\t\t\t\t\t\t\t\t\t\t\t\t<img decoding=\"async\" width=\"571\" height=\"312\" src=\"\/fxg\/wp-content\/uploads\/2022\/03\/vps-mt-4-trading-server-hosting.png\" class=\"attachment-large size-large wp-image-9788\" alt=\"Start trading on the MT4 with the vps hosting\" \/>\t\t\t\t\t\t\t\t\t\t\t\t\t\t\t<\/div>\n\t\t\t\t<\/div>\n\t\t\t\t\t<\/div>\n\t\t<\/div>\n\t\t\t\t<div class=\"elementor-column elementor-col-50 elementor-inner-column elementor-element elementor-element-b1875d1\" data-id=\"b1875d1\" data-element_type=\"column\">\n\t\t\t<div class=\"elementor-widget-wrap elementor-element-populated\">\n\t\t\t\t\t\t<div class=\"elementor-element elementor-element-32dce5b elementor-widget elementor-widget-heading\" data-id=\"32dce5b\" data-element_type=\"widget\" data-widget_type=\"heading.default\">\n\t\t\t\t<div class=\"elementor-widget-container\">\n\t\t\t\t\t<h2 class=\"elementor-heading-title elementor-size-default\">Ai c\u00f3 th\u1ec3 Y\u00eau c\u1ea7u VPS?<\/h2>\t\t\t\t<\/div>\n\t\t\t\t<\/div>\n\t\t\t\t<div class=\"elementor-element elementor-element-8fde2e6 elementor-widget elementor-widget-text-editor\" data-id=\"8fde2e6\" data-element_type=\"widget\" data-widget_type=\"text-editor.default\">\n\t\t\t\t<div class=\"elementor-widget-container\">\n\t\t\t\t\t\t\t\t\t<p><span data-mce-type=\"bookmark\" style=\"display: inline-block; width: 0px; overflow: hidden; line-height: 0;\" class=\"mce_SELRES_start\"><\/span>FXGiants cung c\u1ea5p d\u1ecbch v\u1ee5 VPS MT4 mi\u1ec5n ph\u00ed cho c\u00e1c kh\u00e1ch h\u00e0ng m\u1edbi v\u00e0 kh\u00e1ch h\u00e0ng hi\u1ec7n h\u1eefu k\u00fd qu\u1ef9 v\u00e0 duy tr\u00ec s\u1ed1 ti\u1ec1n t\u1ed1i thi\u1ec3u 5.000 USD ho\u1eb7c b\u1ea5t k\u1ef3 lo\u1ea1i ti\u1ec1n t\u01b0\u01a1ng \u0111\u01b0\u01a1ng n\u00e0o kh\u00e1c t\u1ea1i b\u1ea5t k\u1ef3 th\u1eddi \u0111i\u1ec3m n\u00e0o. N\u1ebfu c\u00e1c ti\u00eau ch\u00ed tr\u00eankh\u00f4ng \u0111\u01b0\u1ee3c \u0111\u00e1p \u1ee9ng, kh\u00e1ch h\u00e0ng c\u00f3 th\u1ec3 y\u00eau c\u1ea7u l\u01b0u tr\u1eef VPS MT4 c\u1ee7a FXGiants v\u00e0 tr\u1ea3 ph\u00ed t\u1ed1i thi\u1ec3u c\u1ea7n thi\u1ebft \u0111\u1ec3 s\u1eed d\u1ee5ng d\u1ecbch v\u1ee5 VPS<br \/>\nNh\u1ea5p v\u00e0o \u0111\u00e2y \u0111\u1ec3 \u0111\u1ecdc <a href=\"https:\/\/shared.gighl.com\/FREEVPSService\/FXG_BVI_FREEVPSService_2025-001.pdf\" target=\"_blank\">\u0110i\u1ec1u kho\u1ea3n v\u00e0 \u0110i\u1ec1u ki\u1ec7n.<\/a><\/p>\t\t\t\t\t\t\t\t<\/div>\n\t\t\t\t<\/div>\n\t\t\t\t\t<\/div>\n\t\t<\/div>\n\t\t\t\t\t<\/div>\n\t\t<\/section>\n\t\t\t\t\t<\/div>\n\t\t<\/div>\n\t\t\t\t\t<\/div>\n\t\t<\/section>\n\t\t\t\t<section class=\"elementor-section elementor-top-section elementor-element elementor-element-02c9899 elementor-section-boxed elementor-section-height-default elementor-section-height-default\" data-id=\"02c9899\" data-element_type=\"section\">\n\t\t\t\t\t\t<div class=\"elementor-container elementor-column-gap-no\">\n\t\t\t\t\t<div class=\"elementor-column elementor-col-50 elementor-top-column elementor-element elementor-element-bccfde2\" data-id=\"bccfde2\" data-element_type=\"column\">\n\t\t\t<div class=\"elementor-widget-wrap elementor-element-populated\">\n\t\t\t\t\t\t<div class=\"elementor-element elementor-element-00aa337 elementor-widget elementor-widget-heading\" data-id=\"00aa337\" data-element_type=\"widget\" data-widget_type=\"heading.default\">\n\t\t\t\t<div class=\"elementor-widget-container\">\n\t\t\t\t\t<h2 class=\"elementor-heading-title elementor-size-default\">Th\u00f4ng s\u1ed1 k\u1ef9 thu\u1eadt VPS<\/h2>\t\t\t\t<\/div>\n\t\t\t\t<\/div>\n\t\t\t\t<div class=\"elementor-element elementor-element-886a1f4 elementor-widget elementor-widget-text-editor\" data-id=\"886a1f4\" data-element_type=\"widget\" data-widget_type=\"text-editor.default\">\n\t\t\t\t<div class=\"elementor-widget-container\">\n\t\t\t\t\t\t\t\t\t<ul>\n<li>2.4GHz Intel Xeon CPU<\/li>\n<li>2GB Ram<\/li>\n<li>55GB of HDD Storage Space<\/li>\n<li>Microsoft Windows Server 2022<\/li>\n<li>C\u00f3 s\u1eb5n c\u1ea5u h\u00ecnh t\u00f9y ch\u1ec9nh<\/li>\n<li>IP ri\u00eang<\/li>\n<li>\u0110\u01b0\u1ee3c L\u01b0u tr\u1eef trong Trung t\u00e2m D\u1eef li\u1ec7u An to\u00e0n<\/li>\n<li>Th\u1ef1c hi\u1ec7n trong 24 gi\u1edd<\/li>\n<\/ul>\t\t\t\t\t\t\t\t<\/div>\n\t\t\t\t<\/div>\n\t\t\t\t\t<\/div>\n\t\t<\/div>\n\t\t\t\t<div class=\"elementor-column elementor-col-50 elementor-top-column elementor-element elementor-element-f084f0a elementor-hidden-tablet elementor-hidden-mobile\" data-id=\"f084f0a\" data-element_type=\"column\">\n\t\t\t<div class=\"elementor-widget-wrap elementor-element-populated\">\n\t\t\t\t\t\t<div class=\"elementor-element elementor-element-0b3de0e animated-slow elementor-hidden-tablet elementor-hidden-mobile elementor-widget__width-initial elementor-invisible elementor-widget elementor-widget-image\" data-id=\"0b3de0e\" data-element_type=\"widget\" data-settings=\"{&quot;_animation&quot;:&quot;fadeInLeft&quot;}\" data-widget_type=\"image.default\">\n\t\t\t\t<div class=\"elementor-widget-container\">\n\t\t\t\t\t\t\t\t\t\t\t\t\t\t\t<img decoding=\"async\" width=\"800\" height=\"569\" src=\"\/fxg\/wp-content\/uploads\/2024\/09\/virtual-private-server-hosting-terminal.png\" class=\"attachment-large size-large wp-image-24529\" alt=\"\" \/>\t\t\t\t\t\t\t\t\t\t\t\t\t\t\t<\/div>\n\t\t\t\t<\/div>\n\t\t\t\t\t<\/div>\n\t\t<\/div>\n\t\t\t\t\t<\/div>\n\t\t<\/section>\n\t\t\t\t<section class=\"elementor-section elementor-top-section elementor-element elementor-element-744e8c6 elementor-section-full_width elementor-section-height-default elementor-section-height-default\" data-id=\"744e8c6\" data-element_type=\"section\" data-settings=\"{&quot;background_background&quot;:&quot;classic&quot;}\">\n\t\t\t\t\t\t<div class=\"elementor-container elementor-column-gap-no\">\n\t\t\t\t\t<div class=\"elementor-column elementor-col-100 elementor-top-column elementor-element elementor-element-6830c5e\" data-id=\"6830c5e\" data-element_type=\"column\">\n\t\t\t<div class=\"elementor-widget-wrap elementor-element-populated\">\n\t\t\t\t\t\t<section class=\"elementor-section elementor-inner-section elementor-element elementor-element-21f36e7 elementor-section-boxed elementor-section-height-default elementor-section-height-default\" data-id=\"21f36e7\" data-element_type=\"section\" data-settings=\"{&quot;background_background&quot;:&quot;classic&quot;}\">\n\t\t\t\t\t\t<div class=\"elementor-container elementor-column-gap-no\">\n\t\t\t\t\t<div class=\"elementor-column elementor-col-100 elementor-inner-column elementor-element elementor-element-77f3bc7\" data-id=\"77f3bc7\" data-element_type=\"column\" data-settings=\"{&quot;background_background&quot;:&quot;classic&quot;}\">\n\t\t\t<div class=\"elementor-widget-wrap elementor-element-populated\">\n\t\t\t\t\t\t<div class=\"elementor-element elementor-element-2ee852f elementor-widget elementor-widget-text-editor\" data-id=\"2ee852f\" data-element_type=\"widget\" data-widget_type=\"text-editor.default\">\n\t\t\t\t<div class=\"elementor-widget-container\">\n\t\t\t\t\t\t\t\t\t<p>FXGiants cung c\u1ea5p gi\u00e1 c\u1ea3 c\u1ea1nh tranh v\u00e0 th\u1ef1c thi l\u1ec7nh nhanh ch\u00f3ng.\u00a0<\/p><p>H\u00e3y b\u1eaft \u0111\u1ea7u giao d\u1ecbch v\u1edbi m\u1ed9t nh\u00e0 m\u00f4i gi\u1edbi m\u1ea1nh m\u1ebd ngay h\u00f4m nay.<\/p>\t\t\t\t\t\t\t\t<\/div>\n\t\t\t\t<\/div>\n\t\t\t\t<div class=\"elementor-element elementor-element-7ae8524 elementor-align-center button-angled-holder elementor-widget elementor-widget-button\" data-id=\"7ae8524\" data-element_type=\"widget\" data-settings=\"{&quot;_animation&quot;:&quot;none&quot;}\" data-widget_type=\"button.default\">\n\t\t\t\t<div class=\"elementor-widget-container\">\n\t\t\t\t\t\t\t\t\t<div class=\"elementor-button-wrapper\">\n\t\t\t\t\t<a class=\"elementor-button elementor-button-link elementor-size-sm\" href=\"https:\/\/nep.fxgiants.com\/vi\/registration\">\n\t\t\t\t\t\t<span class=\"elementor-button-content-wrapper\">\n\t\t\t\t\t\t\t\t\t<span class=\"elementor-button-text\">M\u1edf t\u00e0i kho\u1ea3n<\/span>\n\t\t\t\t\t<\/span>\n\t\t\t\t\t<\/a>\n\t\t\t\t<\/div>\n\t\t\t\t\t\t\t\t<\/div>\n\t\t\t\t<\/div>\n\t\t\t\t<div class=\"elementor-element elementor-element-e487316 fa-rtl-btn elementor-widget elementor-widget-text-editor\" data-id=\"e487316\" data-element_type=\"widget\" data-widget_type=\"text-editor.default\">\n\t\t\t\t<div class=\"elementor-widget-container\">\n\t\t\t\t\t\t\t\t\t<p>Ho\u1eb7c th\u1eed <a href=\"https:\/\/nep.fxgiants.com\/vi\/register?flowkey=demo\">T\u00e0i kho\u1ea3n Demo<\/a> <img decoding=\"async\" class=\"arrowed-image\" src=\"\/fxg\/wp-content\/uploads\/2022\/03\/link-arrow.svg\" alt=\"A blue arrow pointing right depicting how you can be redirected to a link\" \/><\/p>\t\t\t\t\t\t\t\t<\/div>\n\t\t\t\t<\/div>\n\t\t\t\t<div class=\"elementor-element elementor-element-55444b9 elementor-widget elementor-widget-heading\" data-id=\"55444b9\" data-element_type=\"widget\" data-widget_type=\"heading.default\">\n\t\t\t\t<div class=\"elementor-widget-container\">\n\t\t\t\t\t<div class=\"elementor-heading-title elementor-size-default translation-block\">T\u1ea5t c\u1ea3 giao d\u1ecbch \u0111\u1ec1u ti\u1ec1m \u1ea9n r\u1ee7i ro. <br>B\u1ea1n c\u00f3 th\u1ec3 m\u1ea5t t\u1ea5t c\u1ea3 v\u1ed1n.<\/div>\t\t\t\t<\/div>\n\t\t\t\t<\/div>\n\t\t\t\t\t<\/div>\n\t\t<\/div>\n\t\t\t\t\t<\/div>\n\t\t<\/section>\n\t\t\t\t\t<\/div>\n\t\t<\/div>\n\t\t\t\t\t<\/div>\n\t\t<\/section>\n\t\t\t\t<\/div>","protected":false},"excerpt":{"rendered":"<p>MT4 VPS Connect your trading account to FXGiants Free MT4 VPS (Virtual Private [&hellip;]<\/p>","protected":false},"author":1,"featured_media":0,"parent":1771,"menu_order":0,"comment_status":"closed","ping_status":"closed","template":"","meta":{"_acf_changed":false,"footnotes":""},"class_list":["post-9771","page","type-page","status-publish","hentry"],"acf":[],"yoast_head":"<!-- This site is optimized with the Yoast SEO Premium plugin v26.2 (Yoast SEO v26.2) - https:\/\/yoast.com\/wordpress\/plugins\/seo\/ -->\n<title>FXGiants | Trade Forex CFDs Using our VPS. FXGiants&#039; Latest Technology<\/title>\n<meta name=\"description\" content=\"Trade CFDs safely by using our free Virtual Private Server. Sign up, open your account and benefit from this powerful tool. Trade online with the latest technology.\" \/>\n<meta name=\"robots\" content=\"index, follow, max-snippet:-1, max-image-preview:large, max-video-preview:-1\" \/>\n<link rel=\"canonical\" href=\"https:\/\/www.fxgiants-it.com\/fxg\/vi\/\" \/>\n<meta property=\"og:locale\" content=\"vi_VN\" \/>\n<meta property=\"og:type\" content=\"article\" \/>\n<meta property=\"og:title\" content=\"VPS Hosting\" \/>\n<meta property=\"og:description\" content=\"Trade CFDs safely by using our free Virtual Private Server. Sign up, open your account and benefit from this powerful tool. Trade online with the latest technology.\" \/>\n<meta property=\"og:url\" content=\"\/fxg\/vi\/\" \/>\n<meta property=\"og:site_name\" content=\"FXGiants\" \/>\n<meta property=\"article:modified_time\" content=\"2025-10-17T13:40:34+00:00\" \/>\n<meta name=\"twitter:card\" content=\"summary_large_image\" \/>\n<meta name=\"twitter:label1\" content=\"\u01af\u1edbc t\u00ednh th\u1eddi gian \u0111\u1ecdc\" \/>\n\t<meta name=\"twitter:data1\" content=\"3 ph\u00fat\" \/>\n<script type=\"application\/ld+json\" class=\"yoast-schema-graph\">{\"@context\":\"https:\/\/schema.org\",\"@graph\":[{\"@type\":\"WebPage\",\"@id\":\"\/\",\"url\":\"https:\/\/www.fxgiants-it.com\/\",\"name\":\"FXGiants | Trade Forex CFDs Using our VPS. FXGiants' Latest Technology\",\"isPartOf\":{\"@id\":\"https:\/\/www.fxgiants-it.com\/fxg\/tr\/#website\"},\"datePublished\":\"2022-03-16T22:34:29+00:00\",\"dateModified\":\"2025-10-17T13:40:34+00:00\",\"description\":\"Trade CFDs safely by using our free Virtual Private Server. Sign up, open your account and benefit from this powerful tool. Trade online with the latest technology.\",\"breadcrumb\":{\"@id\":\"https:\/\/www.fxgiants-it.com\/#breadcrumb\"},\"inLanguage\":\"vi\",\"potentialAction\":[{\"@type\":\"ReadAction\",\"target\":[\"https:\/\/www.fxgiants-it.com\/\"]}]},{\"@type\":\"BreadcrumbList\",\"@id\":\"https:\/\/www.fxgiants-it.com\/#breadcrumb\",\"itemListElement\":[{\"@type\":\"ListItem\",\"position\":1,\"name\":\"Home\",\"item\":\"https:\/\/www.fxgiants-it.com\/fxg\/vi\/\"},{\"@type\":\"ListItem\",\"position\":2,\"name\":\"Platforms\",\"item\":\"https:\/\/www.fxgiants-it.com\/fxg\/vi\/platforms\/\"},{\"@type\":\"ListItem\",\"position\":3,\"name\":\"VPS Hosting\"}]},{\"@type\":\"WebSite\",\"@id\":\"https:\/\/www.fxgiants-it.com\/fxg\/tr\/#website\",\"url\":\"https:\/\/www.fxgiants-it.com\/fxg\/tr\/\",\"name\":\"FXGiants\",\"description\":\"\",\"publisher\":{\"@id\":\"https:\/\/www.fxgiants-it.com\/fxg\/tr\/#organization\"},\"potentialAction\":[{\"@type\":\"SearchAction\",\"target\":{\"@type\":\"EntryPoint\",\"urlTemplate\":\"https:\/\/www.fxgiants-it.com\/fxg\/tr\/?s={search_term_string}\"},\"query-input\":{\"@type\":\"PropertyValueSpecification\",\"valueRequired\":true,\"valueName\":\"search_term_string\"}}],\"inLanguage\":\"vi\"},{\"@type\":\"Organization\",\"@id\":\"https:\/\/www.fxgiants-it.com\/fxg\/tr\/#organization\",\"name\":\"FXGiants\",\"url\":\"https:\/\/www.fxgiants-it.com\/fxg\/tr\/\",\"logo\":{\"@type\":\"ImageObject\",\"inLanguage\":\"vi\",\"@id\":\"https:\/\/www.fxgiants-it.com\/fxg\/tr\/#\/schema\/logo\/image\/\",\"url\":\"\/fxg\/wp-content\/uploads\/2021\/11\/logo.svg\",\"contentUrl\":\"\/fxg\/wp-content\/uploads\/2021\/11\/logo.svg\",\"width\":134,\"height\":25,\"caption\":\"FXGiants\"},\"image\":{\"@id\":\"https:\/\/www.fxgiants-it.com\/fxg\/tr\/#\/schema\/logo\/image\/\"}}]}<\/script>\n<!-- \/ Yoast SEO Premium plugin. -->","yoast_head_json":{"title":"FXGiants | Trade Forex CFDs Using our VPS. FXGiants' Latest Technology","description":"H&#227;y giao d\u1ecbch CFD an to&#224;n b\u1eb1ng c&#225;ch s\u1eed d\u1ee5ng M&#225;y ch\u1ee7 ri&#234;ng \u1ea3o mi\u1ec5n ph&#237; c\u1ee7a ch&#250;ng t&#244;i. H&#227;y \u0111\u0103ng k&#253;, m\u1edf t&#224;i kho\u1ea3n c\u1ee7a b\u1ea1n v&#224; h\u01b0\u1edfng l\u1ee3i t\u1eeb c&#244;ng c\u1ee5 m\u1ea1nh m\u1ebd n&#224;y. Giao d\u1ecbch tr\u1ef1c tuy\u1ebfn v\u1edbi c&#244;ng ngh\u1ec7 m\u1edbi nh\u1ea5t.","robots":{"index":"index","follow":"follow","max-snippet":"max-snippet:-1","max-image-preview":"max-image-preview:large","max-video-preview":"max-video-preview:-1"},"canonical":"https:\/\/www.fxgiants-it.com\/fxg\/vi\/","og_locale":"vi_VN","og_type":"article","og_title":"VPS Hosting","og_description":"Trade CFDs safely by using our free Virtual Private Server. Sign up, open your account and benefit from this powerful tool. Trade online with the latest technology.","og_url":"\/fxg\/vi\/","og_site_name":"FXGiants","article_modified_time":"2025-10-17T13:40:34+00:00","twitter_card":"summary_large_image","twitter_misc":{"\u01af\u1edbc t\u00ednh th\u1eddi gian \u0111\u1ecdc":"3 ph\u00fat"},"schema":{"@context":"https:\/\/schema.org","@graph":[{"@type":"WebPage","@id":"\/","url":"https:\/\/www.fxgiants-it.com\/","name":"FXGiants | Trade Forex CFDs Using our VPS. FXGiants' Latest Technology","isPartOf":{"@id":"https:\/\/www.fxgiants-it.com\/fxg\/tr\/#website"},"datePublished":"2022-03-16T22:34:29+00:00","dateModified":"2025-10-17T13:40:34+00:00","description":"H&#227;y giao d\u1ecbch CFD an to&#224;n b\u1eb1ng c&#225;ch s\u1eed d\u1ee5ng M&#225;y ch\u1ee7 ri&#234;ng \u1ea3o mi\u1ec5n ph&#237; c\u1ee7a ch&#250;ng t&#244;i. H&#227;y \u0111\u0103ng k&#253;, m\u1edf t&#224;i kho\u1ea3n c\u1ee7a b\u1ea1n v&#224; h\u01b0\u1edfng l\u1ee3i t\u1eeb c&#244;ng c\u1ee5 m\u1ea1nh m\u1ebd n&#224;y. Giao d\u1ecbch tr\u1ef1c tuy\u1ebfn v\u1edbi c&#244;ng ngh\u1ec7 m\u1edbi nh\u1ea5t.","breadcrumb":{"@id":"https:\/\/www.fxgiants-it.com\/#breadcrumb"},"inLanguage":"vi","potentialAction":[{"@type":"ReadAction","target":["https:\/\/www.fxgiants-it.com\/"]}]},{"@type":"BreadcrumbList","@id":"https:\/\/www.fxgiants-it.com\/#breadcrumb","itemListElement":[{"@type":"ListItem","position":1,"name":"Home","item":"https:\/\/www.fxgiants-it.com\/fxg\/vi\/"},{"@type":"ListItem","position":2,"name":"Platforms","item":"https:\/\/www.fxgiants-it.com\/fxg\/vi\/platforms\/"},{"@type":"ListItem","position":3,"name":"VPS Hosting"}]},{"@type":"WebSite","@id":"https:\/\/www.fxgiants-it.com\/fxg\/tr\/#website","url":"https:\/\/www.fxgiants-it.com\/fxg\/tr\/","name":"FXGiants","description":"","publisher":{"@id":"https:\/\/www.fxgiants-it.com\/fxg\/tr\/#organization"},"potentialAction":[{"@type":"SearchAction","target":{"@type":"EntryPoint","urlTemplate":"https:\/\/www.fxgiants-it.com\/fxg\/tr\/?s={search_term_string}"},"query-input":{"@type":"PropertyValueSpecification","valueRequired":true,"valueName":"search_term_string"}}],"inLanguage":"vi"},{"@type":"Organization","@id":"https:\/\/www.fxgiants-it.com\/fxg\/tr\/#organization","name":"FXGiants","url":"https:\/\/www.fxgiants-it.com\/fxg\/tr\/","logo":{"@type":"ImageObject","inLanguage":"vi","@id":"https:\/\/www.fxgiants-it.com\/fxg\/tr\/#\/schema\/logo\/image\/","url":"\/fxg\/wp-content\/uploads\/2021\/11\/logo.svg","contentUrl":"\/fxg\/wp-content\/uploads\/2021\/11\/logo.svg","width":134,"height":25,"caption":"FXGiants"},"image":{"@id":"https:\/\/www.fxgiants-it.com\/fxg\/tr\/#\/schema\/logo\/image\/"}}]}},"_links":{"self":[{"href":"https:\/\/www.fxgiants-it.com\/fxg\/vi\/wp-json\/wp\/v2\/pages\/9771","targetHints":{"allow":["GET"]}}],"collection":[{"href":"https:\/\/www.fxgiants-it.com\/fxg\/vi\/wp-json\/wp\/v2\/pages"}],"about":[{"href":"https:\/\/www.fxgiants-it.com\/fxg\/vi\/wp-json\/wp\/v2\/types\/page"}],"author":[{"embeddable":true,"href":"https:\/\/www.fxgiants-it.com\/fxg\/vi\/wp-json\/wp\/v2\/users\/1"}],"replies":[{"embeddable":true,"href":"https:\/\/www.fxgiants-it.com\/fxg\/vi\/wp-json\/wp\/v2\/comments?post=9771"}],"version-history":[{"count":10,"href":"https:\/\/www.fxgiants-it.com\/fxg\/vi\/wp-json\/wp\/v2\/pages\/9771\/revisions"}],"predecessor-version":[{"id":27473,"href":"https:\/\/www.fxgiants-it.com\/fxg\/vi\/wp-json\/wp\/v2\/pages\/9771\/revisions\/27473"}],"up":[{"embeddable":true,"href":"https:\/\/www.fxgiants-it.com\/fxg\/vi\/wp-json\/wp\/v2\/pages\/1771"}],"wp:attachment":[{"href":"https:\/\/www.fxgiants-it.com\/fxg\/vi\/wp-json\/wp\/v2\/media?parent=9771"}],"curies":[{"name":"wp","href":"https:\/\/api.w.org\/{rel}","templated":true}]}}