{"id":2783,"date":"2021-12-10T23:58:28","date_gmt":"2021-12-10T23:58:28","guid":{"rendered":"https:\/\/fxgiants-com.wp-dev.int.theitops.net\/fxg\/?page_id=2783"},"modified":"2025-10-15T10:19:53","modified_gmt":"2025-10-15T07:19:53","slug":"bonuses","status":"publish","type":"page","link":"https:\/\/www.fxgiants-it.com\/fxg\/vi\/promotions\/bonuses\/","title":{"rendered":"Ti\u1ec1n th\u01b0\u1edfng"},"content":{"rendered":"<div data-elementor-type=\"wp-page\" data-elementor-id=\"2783\" class=\"elementor elementor-2783\" data-elementor-post-type=\"page\">\n\t\t\t\t\t\t<section class=\"elementor-section elementor-top-section elementor-element elementor-element-738e3c6 elementor-section-boxed elementor-section-height-default elementor-section-height-default\" data-id=\"738e3c6\" data-element_type=\"section\">\n\t\t\t\t\t\t<div class=\"elementor-container elementor-column-gap-default\">\n\t\t\t\t\t<div class=\"elementor-column elementor-col-100 elementor-top-column elementor-element elementor-element-e2b6e54\" data-id=\"e2b6e54\" data-element_type=\"column\">\n\t\t\t<div class=\"elementor-widget-wrap elementor-element-populated\">\n\t\t\t\t\t\t<div class=\"elementor-element elementor-element-9e3aba1 elementor-widget elementor-widget-heading\" data-id=\"9e3aba1\" data-element_type=\"widget\" data-widget_type=\"heading.default\">\n\t\t\t\t<div class=\"elementor-widget-container\">\n\t\t\t\t\t<h1 class=\"elementor-heading-title elementor-size-default\">Ti\u1ec1n th\u01b0\u1edfng<\/h1>\t\t\t\t<\/div>\n\t\t\t\t<\/div>\n\t\t\t\t<div class=\"elementor-element elementor-element-9a49e0d elementor-hidden-tablet elementor-hidden-mobile elementor-widget elementor-widget-image\" data-id=\"9a49e0d\" data-element_type=\"widget\" data-widget_type=\"image.default\">\n\t\t\t\t<div class=\"elementor-widget-container\">\n\t\t\t\t\t\t\t\t\t\t\t\t\t\t\t<img fetchpriority=\"high\" decoding=\"async\" width=\"734\" height=\"456\" src=\"\/fxg\/wp-content\/uploads\/2022\/03\/bonus-promo-deposit-profit-usd.png\" class=\"attachment-large size-large wp-image-9407\" alt=\"Receive a deposit bonus\" srcset=\"\/fxg\/wp-content\/uploads\/2022\/03\/bonus-promo-deposit-profit-usd.png 734w, \/fxg\/wp-content\/uploads\/2022\/03\/bonus-promo-deposit-profit-usd-300x186.png 300w, \/fxg\/wp-content\/uploads\/2022\/03\/bonus-promo-deposit-profit-usd-18x12.png 18w\" sizes=\"(max-width: 734px) 100vw, 734px\" \/>\t\t\t\t\t\t\t\t\t\t\t\t\t\t\t<\/div>\n\t\t\t\t<\/div>\n\t\t\t\t\t<\/div>\n\t\t<\/div>\n\t\t\t\t\t<\/div>\n\t\t<\/section>\n\t\t\t\t<section class=\"elementor-section elementor-top-section elementor-element elementor-element-1f15e57 elementor-section-boxed elementor-section-height-default elementor-section-height-default\" data-id=\"1f15e57\" data-element_type=\"section\">\n\t\t\t\t\t\t<div class=\"elementor-container elementor-column-gap-default\">\n\t\t\t\t\t<div class=\"elementor-column elementor-col-100 elementor-top-column elementor-element elementor-element-15cf487\" data-id=\"15cf487\" data-element_type=\"column\">\n\t\t\t<div class=\"elementor-widget-wrap elementor-element-populated\">\n\t\t\t\t\t\t<div class=\"elementor-element elementor-element-06e13e1 elementor-widget elementor-widget-heading\" data-id=\"06e13e1\" data-element_type=\"widget\" data-widget_type=\"heading.default\">\n\t\t\t\t<div class=\"elementor-widget-container\">\n\t\t\t\t\t<h1 class=\"elementor-heading-title elementor-size-default\">Ti\u1ec1n th\u01b0\u1edfng N\u1ea1p ti\u1ec1n*<\/h1>\t\t\t\t<\/div>\n\t\t\t\t<\/div>\n\t\t\t\t<section class=\"elementor-section elementor-inner-section elementor-element elementor-element-3778344 elementor-section-boxed elementor-section-height-default elementor-section-height-default\" data-id=\"3778344\" data-element_type=\"section\" data-settings=\"{&quot;background_background&quot;:&quot;classic&quot;}\">\n\t\t\t\t\t\t<div class=\"elementor-container elementor-column-gap-default\">\n\t\t\t\t\t<div class=\"elementor-column elementor-col-100 elementor-inner-column elementor-element elementor-element-ecad2db\" data-id=\"ecad2db\" data-element_type=\"column\">\n\t\t\t<div class=\"elementor-widget-wrap elementor-element-populated\">\n\t\t\t\t\t\t<div class=\"elementor-element elementor-element-fdf9aa4 elementor-widget elementor-widget-heading\" data-id=\"fdf9aa4\" data-element_type=\"widget\" data-widget_type=\"heading.default\">\n\t\t\t\t<div class=\"elementor-widget-container\">\n\t\t\t\t\t<h4 class=\"elementor-heading-title elementor-size-default\">Ti\u1ec1n th\u01b0\u1edfng Booster*<\/h4>\t\t\t\t<\/div>\n\t\t\t\t<\/div>\n\t\t\t\t<div class=\"elementor-element elementor-element-88d772a elementor-widget elementor-widget-heading\" data-id=\"88d772a\" data-element_type=\"widget\" data-widget_type=\"heading.default\">\n\t\t\t\t<div class=\"elementor-widget-container\">\n\t\t\t\t\t<div class=\"elementor-heading-title elementor-size-default\">T\u0103ng c\u01b0\u1eddng giao d\u1ecbch c\u1ee7a b\u1ea1n v\u1edbi kho\u1ea3n ti\u1ec1n th\u01b0\u1edfng l\u00ean t\u1edbi $4000 cho kho\u1ea3n ti\u1ec1n k\u00fd qu\u1ef9 c\u1ee7a b\u1ea1n.<\/div>\t\t\t\t<\/div>\n\t\t\t\t<\/div>\n\t\t\t\t<div class=\"elementor-element elementor-element-69d307a elementor-widget elementor-widget-video\" data-id=\"69d307a\" data-element_type=\"widget\" data-settings=\"{&quot;video_type&quot;:&quot;vimeo&quot;}\" data-widget_type=\"video.default\">\n\t\t\t\t<div class=\"elementor-widget-container\">\n\t\t\t\t\t\t\t<div class=\"elementor-wrapper elementor-open-inline\">\n\t\t\t<iframe class=\"elementor-video-iframe\" allowfullscreen allow=\"clipboard-write\" title=\"vimeo Video Player\" src=\"https:\/\/player.vimeo.com\/video\/401250477?color&amp;autopause=0&amp;loop=0&amp;muted=0&amp;title=1&amp;portrait=1&amp;byline=1#t=\"><\/iframe>\t\t<\/div>\n\t\t\t\t\t\t<\/div>\n\t\t\t\t<\/div>\n\t\t\t\t<div class=\"elementor-element elementor-element-4ce1314 elementor-widget elementor-widget-heading\" data-id=\"4ce1314\" data-element_type=\"widget\" data-widget_type=\"heading.default\">\n\t\t\t\t<div class=\"elementor-widget-container\">\n\t\t\t\t\t<h2 class=\"elementor-heading-title elementor-size-default\"><a href=\"https:\/\/shared.gighl.com\/FXG_Bonuses_v_2025_001.pdf\" target=\"_blank\" style=\"color: #5d74b6\">*\u00c1p d\u1ee5ng \u0110i\u1ec1u kho\u1ea3n v\u00e0 \u0110i\u1ec1u ki\u1ec7n. <\/a> <br>Ti\u1ec1n th\u01b0\u1edfng kh\u00f4ng th\u1ec3 r\u00fat \u0111\u01b0\u1ee3c.<\/h2>\t\t\t\t<\/div>\n\t\t\t\t<\/div>\n\t\t\t\t\t<\/div>\n\t\t<\/div>\n\t\t\t\t\t<\/div>\n\t\t<\/section>\n\t\t\t\t<section class=\"elementor-section elementor-inner-section elementor-element elementor-element-b030d3b elementor-section-boxed elementor-section-height-default elementor-section-height-default\" data-id=\"b030d3b\" data-element_type=\"section\" data-settings=\"{&quot;background_background&quot;:&quot;classic&quot;}\">\n\t\t\t\t\t\t<div class=\"elementor-container elementor-column-gap-default\">\n\t\t\t\t\t<div class=\"elementor-column elementor-col-100 elementor-inner-column elementor-element elementor-element-d6c64cc\" data-id=\"d6c64cc\" data-element_type=\"column\">\n\t\t\t<div class=\"elementor-widget-wrap elementor-element-populated\">\n\t\t\t\t\t\t<div class=\"elementor-element elementor-element-747bce2 elementor-widget elementor-widget-heading\" data-id=\"747bce2\" data-element_type=\"widget\" data-widget_type=\"heading.default\">\n\t\t\t\t<div class=\"elementor-widget-container\">\n\t\t\t\t\t<h4 class=\"elementor-heading-title elementor-size-default\">Ti\u1ec1n th\u01b0\u1edfng Maximiser*\n<\/h4>\t\t\t\t<\/div>\n\t\t\t\t<\/div>\n\t\t\t\t<div class=\"elementor-element elementor-element-bbbf3c3 elementor-widget elementor-widget-heading\" data-id=\"bbbf3c3\" data-element_type=\"widget\" data-widget_type=\"heading.default\">\n\t\t\t\t<div class=\"elementor-widget-container\">\n\t\t\t\t\t<div class=\"elementor-heading-title elementor-size-default\">B\u1ea1n c\u00f3 th\u1ec3 l\u1ef1a ch\u1ecdn ti\u1ec1n th\u01b0\u1edfng Maximiser \u0111\u1ed9c quy\u1ec1n tr\u00ean kho\u1ea3n ti\u1ec1n k\u00fd qu\u1ef9 c\u1ee7a m\u00ecnh.<\/div>\t\t\t\t<\/div>\n\t\t\t\t<\/div>\n\t\t\t\t<div class=\"elementor-element elementor-element-5590093 elementor-widget elementor-widget-video\" data-id=\"5590093\" data-element_type=\"widget\" data-settings=\"{&quot;video_type&quot;:&quot;vimeo&quot;}\" data-widget_type=\"video.default\">\n\t\t\t\t<div class=\"elementor-widget-container\">\n\t\t\t\t\t\t\t<div class=\"elementor-wrapper elementor-open-inline\">\n\t\t\t<iframe class=\"elementor-video-iframe\" allowfullscreen allow=\"clipboard-write\" title=\"vimeo Video Player\" src=\"https:\/\/player.vimeo.com\/video\/401251597?color&amp;autopause=0&amp;loop=0&amp;muted=0&amp;title=1&amp;portrait=1&amp;byline=1#t=\"><\/iframe>\t\t<\/div>\n\t\t\t\t\t\t<\/div>\n\t\t\t\t<\/div>\n\t\t\t\t<div class=\"elementor-element elementor-element-058799c elementor-widget elementor-widget-heading\" data-id=\"058799c\" data-element_type=\"widget\" data-widget_type=\"heading.default\">\n\t\t\t\t<div class=\"elementor-widget-container\">\n\t\t\t\t\t<h2 class=\"elementor-heading-title elementor-size-default\"><a href=\"https:\/\/shared.gighl.com\/FXG_Bonuses_v_2025_001.pdf\" target=\"_blank\" style=\"color: #5d74b6\">*\u00c1p d\u1ee5ng \u0110i\u1ec1u kho\u1ea3n v\u00e0 \u0110i\u1ec1u ki\u1ec7n.<\/a> <br>Ti\u1ec1n th\u01b0\u1edfng kh\u00f4ng th\u1ec3 r\u00fat \u0111\u01b0\u1ee3c.<\/h2>\t\t\t\t<\/div>\n\t\t\t\t<\/div>\n\t\t\t\t\t<\/div>\n\t\t<\/div>\n\t\t\t\t\t<\/div>\n\t\t<\/section>\n\t\t\t\t<section class=\"elementor-section elementor-inner-section elementor-element elementor-element-e5efcbf elementor-section-boxed elementor-section-height-default elementor-section-height-default\" data-id=\"e5efcbf\" data-element_type=\"section\" data-settings=\"{&quot;background_background&quot;:&quot;classic&quot;}\">\n\t\t\t\t\t\t<div class=\"elementor-container elementor-column-gap-default\">\n\t\t\t\t\t<div class=\"elementor-column elementor-col-100 elementor-inner-column elementor-element elementor-element-77495bb\" data-id=\"77495bb\" data-element_type=\"column\">\n\t\t\t<div class=\"elementor-widget-wrap elementor-element-populated\">\n\t\t\t\t\t\t<div class=\"elementor-element elementor-element-83a4ba2 elementor-widget elementor-widget-heading\" data-id=\"83a4ba2\" data-element_type=\"widget\" data-widget_type=\"heading.default\">\n\t\t\t\t<div class=\"elementor-widget-container\">\n\t\t\t\t\t<h4 class=\"elementor-heading-title elementor-size-default\">Ti\u1ec1n th\u01b0\u1edfng Advantage*<\/h4>\t\t\t\t<\/div>\n\t\t\t\t<\/div>\n\t\t\t\t<div class=\"elementor-element elementor-element-ece3e83 elementor-widget elementor-widget-heading\" data-id=\"ece3e83\" data-element_type=\"widget\" data-widget_type=\"heading.default\">\n\t\t\t\t<div class=\"elementor-widget-container\">\n\t\t\t\t\t<div class=\"elementor-heading-title elementor-size-default\">Nh\u1eadn ti\u1ec1n th\u01b0\u1edfng cho m\u1ed7i kho\u1ea3n ti\u1ec1n g\u1eedi, \u0111\u01b0\u1ee3c t\u1ef1 \u0111\u1ed9ng ghi c\u00f3 v\u00e0o t\u00e0i kho\u1ea3n c\u1ee7a b\u1ea1n.<\/div>\t\t\t\t<\/div>\n\t\t\t\t<\/div>\n\t\t\t\t<div class=\"elementor-element elementor-element-1391eaf elementor-widget elementor-widget-video\" data-id=\"1391eaf\" data-element_type=\"widget\" data-settings=\"{&quot;video_type&quot;:&quot;vimeo&quot;}\" data-widget_type=\"video.default\">\n\t\t\t\t<div class=\"elementor-widget-container\">\n\t\t\t\t\t\t\t<div class=\"elementor-wrapper elementor-open-inline\">\n\t\t\t<iframe class=\"elementor-video-iframe\" allowfullscreen allow=\"clipboard-write\" title=\"vimeo Video Player\" src=\"https:\/\/player.vimeo.com\/video\/401252428?color&amp;autopause=0&amp;loop=0&amp;muted=0&amp;title=1&amp;portrait=1&amp;byline=1#t=\"><\/iframe>\t\t<\/div>\n\t\t\t\t\t\t<\/div>\n\t\t\t\t<\/div>\n\t\t\t\t<div class=\"elementor-element elementor-element-227c21b elementor-widget elementor-widget-heading\" data-id=\"227c21b\" data-element_type=\"widget\" data-widget_type=\"heading.default\">\n\t\t\t\t<div class=\"elementor-widget-container\">\n\t\t\t\t\t<h2 class=\"elementor-heading-title elementor-size-default\"><a href=\"https:\/\/shared.gighl.com\/FXG_Bonuses_v_2025_001.pdf\" target=\"_blank\" style=\"color: #5d74b6\">*\u00c1p d\u1ee5ng \u0110i\u1ec1u kho\u1ea3n v\u00e0 \u0110i\u1ec1u ki\u1ec7n.<\/a> <br>Ti\u1ec1n th\u01b0\u1edfng kh\u00f4ng th\u1ec3 r\u00fat \u0111\u01b0\u1ee3c.<\/h2>\t\t\t\t<\/div>\n\t\t\t\t<\/div>\n\t\t\t\t\t<\/div>\n\t\t<\/div>\n\t\t\t\t\t<\/div>\n\t\t<\/section>\n\t\t\t\t\t<\/div>\n\t\t<\/div>\n\t\t\t\t\t<\/div>\n\t\t<\/section>\n\t\t\t\t<section class=\"elementor-section elementor-top-section elementor-element elementor-element-790f9e6 elementor-section-full_width elementor-section-height-default elementor-section-height-default\" data-id=\"790f9e6\" data-element_type=\"section\" data-settings=\"{&quot;background_background&quot;:&quot;classic&quot;}\">\n\t\t\t\t\t\t<div class=\"elementor-container elementor-column-gap-no\">\n\t\t\t\t\t<div class=\"elementor-column elementor-col-100 elementor-top-column elementor-element elementor-element-591ed14\" data-id=\"591ed14\" data-element_type=\"column\">\n\t\t\t<div class=\"elementor-widget-wrap elementor-element-populated\">\n\t\t\t\t\t\t<section class=\"elementor-section elementor-inner-section elementor-element elementor-element-c7f80bc elementor-section-boxed elementor-section-height-default elementor-section-height-default\" data-id=\"c7f80bc\" data-element_type=\"section\" data-settings=\"{&quot;background_background&quot;:&quot;classic&quot;}\">\n\t\t\t\t\t\t<div class=\"elementor-container elementor-column-gap-no\">\n\t\t\t\t\t<div class=\"elementor-column elementor-col-100 elementor-inner-column elementor-element elementor-element-8b26762\" data-id=\"8b26762\" data-element_type=\"column\" data-settings=\"{&quot;background_background&quot;:&quot;classic&quot;}\">\n\t\t\t<div class=\"elementor-widget-wrap elementor-element-populated\">\n\t\t\t\t\t\t<div class=\"elementor-element elementor-element-448c881 elementor-widget elementor-widget-text-editor\" data-id=\"448c881\" data-element_type=\"widget\" data-widget_type=\"text-editor.default\">\n\t\t\t\t<div class=\"elementor-widget-container\">\n\t\t\t\t\t\t\t\t\t<p>FXGiants cung c\u1ea5p gi\u00e1 c\u1ea3 c\u1ea1nh tranh v\u00e0 th\u1ef1c thi l\u1ec7nh nhanh ch\u00f3ng.<\/p><p>H\u00e3y b\u1eaft \u0111\u1ea7u giao d\u1ecbch v\u1edbi m\u1ed9t nh\u00e0 m\u00f4i gi\u1edbi m\u1ea1nh m\u1ebd ngay h\u00f4m nay.<\/p>\t\t\t\t\t\t\t\t<\/div>\n\t\t\t\t<\/div>\n\t\t\t\t<div class=\"elementor-element elementor-element-77cc877 elementor-align-center button-angled-holder elementor-widget elementor-widget-button\" data-id=\"77cc877\" data-element_type=\"widget\" data-settings=\"{&quot;_animation&quot;:&quot;none&quot;}\" data-widget_type=\"button.default\">\n\t\t\t\t<div class=\"elementor-widget-container\">\n\t\t\t\t\t\t\t\t\t<div class=\"elementor-button-wrapper\">\n\t\t\t\t\t<a class=\"elementor-button elementor-button-link elementor-size-sm\" href=\"https:\/\/nep.fxgiants.com\/vi\/registration\">\n\t\t\t\t\t\t<span class=\"elementor-button-content-wrapper\">\n\t\t\t\t\t\t\t\t\t<span class=\"elementor-button-text\">M\u1edf t\u00e0i kho\u1ea3n<\/span>\n\t\t\t\t\t<\/span>\n\t\t\t\t\t<\/a>\n\t\t\t\t<\/div>\n\t\t\t\t\t\t\t\t<\/div>\n\t\t\t\t<\/div>\n\t\t\t\t<div class=\"elementor-element elementor-element-03f43c6 fa-rtl-btn elementor-widget elementor-widget-text-editor\" data-id=\"03f43c6\" data-element_type=\"widget\" data-widget_type=\"text-editor.default\">\n\t\t\t\t<div class=\"elementor-widget-container\">\n\t\t\t\t\t\t\t\t\t<p>Ho\u1eb7c th\u1eed <a href=\"https:\/\/nep.fxgiants.com\/vi\/register?flowkey=demo\">T\u00e0i kho\u1ea3n Demo<\/a> <img decoding=\"async\" class=\"arrowed-image\" src=\"\/fxg\/wp-content\/uploads\/2022\/03\/link-arrow.svg\" alt=\"A blue arrow pointing right depicting how you can be redirected to a link\" \/><\/p>\t\t\t\t\t\t\t\t<\/div>\n\t\t\t\t<\/div>\n\t\t\t\t<div class=\"elementor-element elementor-element-8e21f1f elementor-widget elementor-widget-heading\" data-id=\"8e21f1f\" data-element_type=\"widget\" data-widget_type=\"heading.default\">\n\t\t\t\t<div class=\"elementor-widget-container\">\n\t\t\t\t\t<div class=\"elementor-heading-title elementor-size-default translation-block\">T\u1ea5t c\u1ea3 giao d\u1ecbch \u0111\u1ec1u ti\u1ec1m \u1ea9n r\u1ee7i ro. <br>B\u1ea1n c\u00f3 th\u1ec3 m\u1ea5t t\u1ea5t c\u1ea3 v\u1ed1n.<\/div>\t\t\t\t<\/div>\n\t\t\t\t<\/div>\n\t\t\t\t\t<\/div>\n\t\t<\/div>\n\t\t\t\t\t<\/div>\n\t\t<\/section>\n\t\t\t\t\t<\/div>\n\t\t<\/div>\n\t\t\t\t\t<\/div>\n\t\t<\/section>\n\t\t\t\t<\/div>","protected":false},"excerpt":{"rendered":"<p>Bonuses Deposit Bonuses Booster Bonus* Boost your trading with up to $4000 bonus [&hellip;]<\/p>","protected":false},"author":1,"featured_media":0,"parent":2634,"menu_order":0,"comment_status":"closed","ping_status":"closed","template":"elementor_header_footer","meta":{"_acf_changed":false,"footnotes":""},"class_list":["post-2783","page","type-page","status-publish","hentry"],"acf":[],"yoast_head":"<!-- This site is optimized with the Yoast SEO Premium plugin v26.2 (Yoast SEO v26.2) - https:\/\/yoast.com\/wordpress\/plugins\/seo\/ -->\n<title>FXGiants | Get a Bonus for Every Action You Make on Our Platform<\/title>\n<meta name=\"description\" content=\"Email and phone verification bonuses, deposit bonuses and many other opportunities to trade online with FXGiants. Get them by Signing up.\" \/>\n<meta name=\"robots\" content=\"index, follow, max-snippet:-1, max-image-preview:large, max-video-preview:-1\" \/>\n<link rel=\"canonical\" href=\"https:\/\/www.fxgiants-it.com\/fxg\/vi\/\" \/>\n<meta property=\"og:locale\" content=\"vi_VN\" \/>\n<meta property=\"og:type\" content=\"article\" \/>\n<meta property=\"og:title\" content=\"Bonuses\" \/>\n<meta property=\"og:description\" content=\"Email and phone verification bonuses, deposit bonuses and many other opportunities to trade online with FXGiants. Get them by Signing up.\" \/>\n<meta property=\"og:url\" content=\"\/fxg\/vi\/\" \/>\n<meta property=\"og:site_name\" content=\"FXGiants\" \/>\n<meta property=\"article:modified_time\" content=\"2025-10-15T07:19:53+00:00\" \/>\n<meta name=\"twitter:card\" content=\"summary_large_image\" \/>\n<meta name=\"twitter:label1\" content=\"\u01af\u1edbc t\u00ednh th\u1eddi gian \u0111\u1ecdc\" \/>\n\t<meta name=\"twitter:data1\" content=\"1 ph\u00fat\" \/>\n<script type=\"application\/ld+json\" class=\"yoast-schema-graph\">{\"@context\":\"https:\/\/schema.org\",\"@graph\":[{\"@type\":\"WebPage\",\"@id\":\"\/\",\"url\":\"https:\/\/www.fxgiants-it.com\/\",\"name\":\"FXGiants | Get a Bonus for Every Action You Make on Our Platform\",\"isPartOf\":{\"@id\":\"https:\/\/www.fxgiants-it.com\/fxg\/ko\/#website\"},\"datePublished\":\"2021-12-10T23:58:28+00:00\",\"dateModified\":\"2025-10-15T07:19:53+00:00\",\"description\":\"Email and phone verification bonuses, deposit bonuses and many other opportunities to trade online with FXGiants. Get them by Signing up.\",\"breadcrumb\":{\"@id\":\"https:\/\/www.fxgiants-it.com\/#breadcrumb\"},\"inLanguage\":\"vi\",\"potentialAction\":[{\"@type\":\"ReadAction\",\"target\":[\"https:\/\/www.fxgiants-it.com\/\"]}]},{\"@type\":\"BreadcrumbList\",\"@id\":\"https:\/\/www.fxgiants-it.com\/#breadcrumb\",\"itemListElement\":[{\"@type\":\"ListItem\",\"position\":1,\"name\":\"Home\",\"item\":\"https:\/\/www.fxgiants-it.com\/fxg\/vi\/\"},{\"@type\":\"ListItem\",\"position\":2,\"name\":\"Promotions\",\"item\":\"https:\/\/www.fxgiants-it.com\/fxg\/vi\/promotions\/\"},{\"@type\":\"ListItem\",\"position\":3,\"name\":\"Bonuses\"}]},{\"@type\":\"WebSite\",\"@id\":\"https:\/\/www.fxgiants-it.com\/fxg\/ko\/#website\",\"url\":\"https:\/\/www.fxgiants-it.com\/fxg\/ko\/\",\"name\":\"FXGiants\",\"description\":\"\",\"publisher\":{\"@id\":\"https:\/\/www.fxgiants-it.com\/fxg\/ko\/#organization\"},\"potentialAction\":[{\"@type\":\"SearchAction\",\"target\":{\"@type\":\"EntryPoint\",\"urlTemplate\":\"https:\/\/www.fxgiants-it.com\/fxg\/ko\/?s={search_term_string}\"},\"query-input\":{\"@type\":\"PropertyValueSpecification\",\"valueRequired\":true,\"valueName\":\"search_term_string\"}}],\"inLanguage\":\"vi\"},{\"@type\":\"Organization\",\"@id\":\"https:\/\/www.fxgiants-it.com\/fxg\/ko\/#organization\",\"name\":\"FXGiants\",\"url\":\"https:\/\/www.fxgiants-it.com\/fxg\/ko\/\",\"logo\":{\"@type\":\"ImageObject\",\"inLanguage\":\"vi\",\"@id\":\"https:\/\/www.fxgiants-it.com\/fxg\/ko\/#\/schema\/logo\/image\/\",\"url\":\"\/fxg\/wp-content\/uploads\/2021\/11\/logo.svg\",\"contentUrl\":\"\/fxg\/wp-content\/uploads\/2021\/11\/logo.svg\",\"width\":134,\"height\":25,\"caption\":\"FXGiants\"},\"image\":{\"@id\":\"https:\/\/www.fxgiants-it.com\/fxg\/ko\/#\/schema\/logo\/image\/\"}}]}<\/script>\n<!-- \/ Yoast SEO Premium plugin. -->","yoast_head_json":{"title":"FXGiants | Nh\u1eadn Ti\u1ec1n th\u01b0\u1edfng cho M\u1ecdi H&#224;nh \u0111\u1ed9ng B\u1ea1n Th\u1ef1c hi\u1ec7n tr&#234;n N\u1ec1n t\u1ea3ng c\u1ee7a ch&#250;ng t&#244;i","description":"Ti\u1ec1n th\u01b0\u1edfng x&#225;c minh email v&#224; \u0111i\u1ec7n tho\u1ea1i, ti\u1ec1n th\u01b0\u1edfng n\u1ea1p ti\u1ec1n v&#224; nhi\u1ec1u c\u01a1 h\u1ed9i kh&#225;c khi giao d\u1ecbch tr\u1ef1c tuy\u1ebfn v\u1edbi FXGiants. Ch\u1ec9 c\u1ea7n b\u1ea1n \u0110\u0103ng k&#253; T&#224;i kho\u1ea3n.","robots":{"index":"index","follow":"follow","max-snippet":"max-snippet:-1","max-image-preview":"max-image-preview:large","max-video-preview":"max-video-preview:-1"},"canonical":"https:\/\/www.fxgiants-it.com\/fxg\/vi\/","og_locale":"vi_VN","og_type":"article","og_title":"Bonuses","og_description":"Email and phone verification bonuses, deposit bonuses and many other opportunities to trade online with FXGiants. Get them by Signing up.","og_url":"\/fxg\/vi\/","og_site_name":"FXGiants","article_modified_time":"2025-10-15T07:19:53+00:00","twitter_card":"summary_large_image","twitter_misc":{"\u01af\u1edbc t\u00ednh th\u1eddi gian \u0111\u1ecdc":"1 ph\u00fat"},"schema":{"@context":"https:\/\/schema.org","@graph":[{"@type":"WebPage","@id":"\/","url":"https:\/\/www.fxgiants-it.com\/","name":"FXGiants | Nh\u1eadn Ti\u1ec1n th\u01b0\u1edfng cho M\u1ecdi H&#224;nh \u0111\u1ed9ng B\u1ea1n Th\u1ef1c hi\u1ec7n tr&#234;n N\u1ec1n t\u1ea3ng c\u1ee7a ch&#250;ng t&#244;i","isPartOf":{"@id":"https:\/\/www.fxgiants-it.com\/fxg\/ko\/#website"},"datePublished":"2021-12-10T23:58:28+00:00","dateModified":"2025-10-15T07:19:53+00:00","description":"Ti\u1ec1n th\u01b0\u1edfng x&#225;c minh email v&#224; \u0111i\u1ec7n tho\u1ea1i, ti\u1ec1n th\u01b0\u1edfng n\u1ea1p ti\u1ec1n v&#224; nhi\u1ec1u c\u01a1 h\u1ed9i kh&#225;c khi giao d\u1ecbch tr\u1ef1c tuy\u1ebfn v\u1edbi FXGiants. Ch\u1ec9 c\u1ea7n b\u1ea1n \u0110\u0103ng k&#253; T&#224;i kho\u1ea3n.","breadcrumb":{"@id":"https:\/\/www.fxgiants-it.com\/#breadcrumb"},"inLanguage":"vi","potentialAction":[{"@type":"ReadAction","target":["https:\/\/www.fxgiants-it.com\/"]}]},{"@type":"BreadcrumbList","@id":"https:\/\/www.fxgiants-it.com\/#breadcrumb","itemListElement":[{"@type":"ListItem","position":1,"name":"Home","item":"https:\/\/www.fxgiants-it.com\/fxg\/vi\/"},{"@type":"ListItem","position":2,"name":"Promotions","item":"https:\/\/www.fxgiants-it.com\/fxg\/vi\/promotions\/"},{"@type":"ListItem","position":3,"name":"Bonuses"}]},{"@type":"WebSite","@id":"https:\/\/www.fxgiants-it.com\/fxg\/ko\/#website","url":"https:\/\/www.fxgiants-it.com\/fxg\/ko\/","name":"FXGiants","description":"","publisher":{"@id":"https:\/\/www.fxgiants-it.com\/fxg\/ko\/#organization"},"potentialAction":[{"@type":"SearchAction","target":{"@type":"EntryPoint","urlTemplate":"https:\/\/www.fxgiants-it.com\/fxg\/ko\/?s={search_term_string}"},"query-input":{"@type":"PropertyValueSpecification","valueRequired":true,"valueName":"search_term_string"}}],"inLanguage":"vi"},{"@type":"Organization","@id":"https:\/\/www.fxgiants-it.com\/fxg\/ko\/#organization","name":"FXGiants","url":"https:\/\/www.fxgiants-it.com\/fxg\/ko\/","logo":{"@type":"ImageObject","inLanguage":"vi","@id":"https:\/\/www.fxgiants-it.com\/fxg\/ko\/#\/schema\/logo\/image\/","url":"\/fxg\/wp-content\/uploads\/2021\/11\/logo.svg","contentUrl":"\/fxg\/wp-content\/uploads\/2021\/11\/logo.svg","width":134,"height":25,"caption":"FXGiants"},"image":{"@id":"https:\/\/www.fxgiants-it.com\/fxg\/ko\/#\/schema\/logo\/image\/"}}]}},"_links":{"self":[{"href":"https:\/\/www.fxgiants-it.com\/fxg\/vi\/wp-json\/wp\/v2\/pages\/2783","targetHints":{"allow":["GET"]}}],"collection":[{"href":"https:\/\/www.fxgiants-it.com\/fxg\/vi\/wp-json\/wp\/v2\/pages"}],"about":[{"href":"https:\/\/www.fxgiants-it.com\/fxg\/vi\/wp-json\/wp\/v2\/types\/page"}],"author":[{"embeddable":true,"href":"https:\/\/www.fxgiants-it.com\/fxg\/vi\/wp-json\/wp\/v2\/users\/1"}],"replies":[{"embeddable":true,"href":"https:\/\/www.fxgiants-it.com\/fxg\/vi\/wp-json\/wp\/v2\/comments?post=2783"}],"version-history":[{"count":10,"href":"https:\/\/www.fxgiants-it.com\/fxg\/vi\/wp-json\/wp\/v2\/pages\/2783\/revisions"}],"predecessor-version":[{"id":27466,"href":"https:\/\/www.fxgiants-it.com\/fxg\/vi\/wp-json\/wp\/v2\/pages\/2783\/revisions\/27466"}],"up":[{"embeddable":true,"href":"https:\/\/www.fxgiants-it.com\/fxg\/vi\/wp-json\/wp\/v2\/pages\/2634"}],"wp:attachment":[{"href":"https:\/\/www.fxgiants-it.com\/fxg\/vi\/wp-json\/wp\/v2\/media?parent=2783"}],"curies":[{"name":"wp","href":"https:\/\/api.w.org\/{rel}","templated":true}]}}