{"id":2460,"date":"2021-12-09T12:50:39","date_gmt":"2021-12-09T12:50:39","guid":{"rendered":"https:\/\/fxgiants-com.wp-dev.int.theitops.net\/fxg\/?page_id=2460"},"modified":"2026-04-16T15:12:41","modified_gmt":"2026-04-16T12:12:41","slug":"legal-documents","status":"publish","type":"page","link":"https:\/\/www.fxgiants-it.com\/fxg\/vi\/fxgiants\/legal-documents\/","title":{"rendered":"T\u00e0i li\u1ec7u Ph\u00e1p l\u00fd"},"content":{"rendered":"<div data-elementor-type=\"wp-page\" data-elementor-id=\"2460\" class=\"elementor elementor-2460\" data-elementor-post-type=\"page\">\n\t\t\t\t\t\t<section class=\"elementor-section elementor-top-section elementor-element elementor-element-d1da2eb elementor-section-boxed elementor-section-height-default elementor-section-height-default\" data-id=\"d1da2eb\" data-element_type=\"section\">\n\t\t\t\t\t\t<div class=\"elementor-container elementor-column-gap-default\">\n\t\t\t\t\t<div class=\"elementor-column elementor-col-100 elementor-top-column elementor-element elementor-element-a8e3e95\" data-id=\"a8e3e95\" data-element_type=\"column\">\n\t\t\t<div class=\"elementor-widget-wrap elementor-element-populated\">\n\t\t\t\t\t\t<div class=\"elementor-element elementor-element-8d0949e elementor-widget elementor-widget-heading\" data-id=\"8d0949e\" data-element_type=\"widget\" data-widget_type=\"heading.default\">\n\t\t\t\t<div class=\"elementor-widget-container\">\n\t\t\t\t\t<h1 class=\"elementor-heading-title elementor-size-default\">T\u00e0i li\u1ec7u Ph\u00e1p l\u00fd<\/h1>\t\t\t\t<\/div>\n\t\t\t\t<\/div>\n\t\t\t\t<div class=\"elementor-element elementor-element-c964259 elementor-widget elementor-widget-heading\" data-id=\"c964259\" data-element_type=\"widget\" data-widget_type=\"heading.default\">\n\t\t\t\t<div class=\"elementor-widget-container\">\n\t\t\t\t\t<div class=\"elementor-heading-title elementor-size-default\">B\u1ea3o m\u1eadt c\u1ee7a kh\u00e1ch h\u00e0ng l\u00e0 \u01b0u ti\u00ean h\u00e0ng \u0111\u1ea7u c\u1ee7a ch\u00fang t\u00f4i. C\u00e1c t\u00e0i li\u1ec7u li\u00ean quan d\u01b0\u1edbi \u0111\u00e2y, c\u0169ng nh\u01b0 b\u1ea5t k\u1ef3 \u0111i\u1ec1u kho\u1ea3n v\u00e0 \u0111i\u1ec1u ki\u1ec7n b\u1ed5 sung n\u00e0o do ch\u00fang t\u00f4i ban h\u00e0nh theo th\u1eddi gian, s\u1ebd chi ph\u1ed1i m\u1ed1i quan h\u1ec7 c\u1ee7a b\u1ea1n v\u1edbi ch\u00fang t\u00f4i. B\u1ea1n n\u00ean \u0111\u1ecdc v\u00e0 hi\u1ec3u c\u00e1c t\u00e0i li\u1ec7u n\u00e0y tr\u01b0\u1edbc khi m\u1edf t\u00e0i kho\u1ea3n v\u1edbi FXGiants.<\/div>\t\t\t\t<\/div>\n\t\t\t\t<\/div>\n\t\t\t\t\t<\/div>\n\t\t<\/div>\n\t\t\t\t\t<\/div>\n\t\t<\/section>\n\t\t\t\t<section class=\"elementor-section elementor-top-section elementor-element elementor-element-bf7a335 elementor-section-boxed elementor-section-height-default elementor-section-height-default\" data-id=\"bf7a335\" data-element_type=\"section\">\n\t\t\t\t\t\t<div class=\"elementor-container elementor-column-gap-default\">\n\t\t\t\t\t<div class=\"elementor-column elementor-col-100 elementor-top-column elementor-element elementor-element-e959b24\" data-id=\"e959b24\" data-element_type=\"column\">\n\t\t\t<div class=\"elementor-widget-wrap elementor-element-populated\">\n\t\t\t\t\t\t<section class=\"elementor-section elementor-inner-section elementor-element elementor-element-69e9d67 elementor-section-boxed elementor-section-height-default elementor-section-height-default\" data-id=\"69e9d67\" data-element_type=\"section\">\n\t\t\t\t\t\t<div class=\"elementor-container elementor-column-gap-default\">\n\t\t\t\t\t<div class=\"elementor-column elementor-col-50 elementor-inner-column elementor-element elementor-element-2e03175\" data-id=\"2e03175\" data-element_type=\"column\">\n\t\t\t<div class=\"elementor-widget-wrap elementor-element-populated\">\n\t\t\t\t\t\t<div class=\"elementor-element elementor-element-94c0f29 elementor-widget elementor-widget-heading\" data-id=\"94c0f29\" data-element_type=\"widget\" data-widget_type=\"heading.default\">\n\t\t\t\t<div class=\"elementor-widget-container\">\n\t\t\t\t\t<span class=\"elementor-heading-title elementor-size-default\">\u0110i\u1ec1u kho\u1ea3n Kinh doanh<\/span>\t\t\t\t<\/div>\n\t\t\t\t<\/div>\n\t\t\t\t\t<\/div>\n\t\t<\/div>\n\t\t\t\t<div class=\"elementor-column elementor-col-50 elementor-inner-column elementor-element elementor-element-6d3ff85\" data-id=\"6d3ff85\" data-element_type=\"column\">\n\t\t\t<div class=\"elementor-widget-wrap elementor-element-populated\">\n\t\t\t\t\t\t<div class=\"elementor-element elementor-element-3f96518 elementor-align-left elementor-widget elementor-widget-button\" data-id=\"3f96518\" data-element_type=\"widget\" data-widget_type=\"button.default\">\n\t\t\t\t<div class=\"elementor-widget-container\">\n\t\t\t\t\t\t\t\t\t<div class=\"elementor-button-wrapper\">\n\t\t\t\t\t<a class=\"elementor-button elementor-button-link elementor-size-sm\" href=\"https:\/\/shared.gighl.com\/1.FXGiants_Terms_of_Business_v.2025-002.pdf\" target=\"_blank\">\n\t\t\t\t\t\t<span class=\"elementor-button-content-wrapper\">\n\t\t\t\t\t\t<span class=\"elementor-button-icon\">\n\t\t\t\t<svg xmlns=\"http:\/\/www.w3.org\/2000\/svg\" width=\"10\" height=\"10\" viewbox=\"0 0 10 10\"><path fill=\"#1B69FD\" d=\"M8.999 4h-2V.75C7 .338 6.662 0 6.25 0H3.75C3.338 0 3 .338 3 .75V4H1C.115 4-.335 5.08.296 5.707l3.999 4c.39.39 1.025.39 1.415 0l3.999-4C10.333 5.079 9.889 4 8.998 4zm-4 5L1.002 5h3V1H6v4h2.999l-4 4z\"><\/path><\/svg>\t\t\t<\/span>\n\t\t\t\t\t\t\t\t\t<span class=\"elementor-button-text\">T\u1ea3i xu\u1ed1ng PDF<\/span>\n\t\t\t\t\t<\/span>\n\t\t\t\t\t<\/a>\n\t\t\t\t<\/div>\n\t\t\t\t\t\t\t\t<\/div>\n\t\t\t\t<\/div>\n\t\t\t\t\t<\/div>\n\t\t<\/div>\n\t\t\t\t\t<\/div>\n\t\t<\/section>\n\t\t\t\t<section class=\"elementor-section elementor-inner-section elementor-element elementor-element-94a2285 elementor-section-boxed elementor-section-height-default elementor-section-height-default\" data-id=\"94a2285\" data-element_type=\"section\">\n\t\t\t\t\t\t<div class=\"elementor-container elementor-column-gap-default\">\n\t\t\t\t\t<div class=\"elementor-column elementor-col-50 elementor-inner-column elementor-element elementor-element-6e09c40\" data-id=\"6e09c40\" data-element_type=\"column\">\n\t\t\t<div class=\"elementor-widget-wrap elementor-element-populated\">\n\t\t\t\t\t\t<div class=\"elementor-element elementor-element-f7f17e1 elementor-widget elementor-widget-heading\" data-id=\"f7f17e1\" data-element_type=\"widget\" data-widget_type=\"heading.default\">\n\t\t\t\t<div class=\"elementor-widget-container\">\n\t\t\t\t\t<span class=\"elementor-heading-title elementor-size-default\">Ch\u00ednh s\u00e1ch B\u1ea3o m\u1eadt<\/span>\t\t\t\t<\/div>\n\t\t\t\t<\/div>\n\t\t\t\t\t<\/div>\n\t\t<\/div>\n\t\t\t\t<div class=\"elementor-column elementor-col-50 elementor-inner-column elementor-element elementor-element-088f592\" data-id=\"088f592\" data-element_type=\"column\">\n\t\t\t<div class=\"elementor-widget-wrap elementor-element-populated\">\n\t\t\t\t\t\t<div class=\"elementor-element elementor-element-fc8ad20 elementor-align-left elementor-widget elementor-widget-button\" data-id=\"fc8ad20\" data-element_type=\"widget\" data-widget_type=\"button.default\">\n\t\t\t\t<div class=\"elementor-widget-container\">\n\t\t\t\t\t\t\t\t\t<div class=\"elementor-button-wrapper\">\n\t\t\t\t\t<a class=\"elementor-button elementor-button-link elementor-size-sm\" href=\"https:\/\/shared.gighl.com\/FXG-LegalDocuments\/2.%20FXGiants_Privacy%20Policy%20v.2026-001.pdf\" target=\"_blank\">\n\t\t\t\t\t\t<span class=\"elementor-button-content-wrapper\">\n\t\t\t\t\t\t<span class=\"elementor-button-icon\">\n\t\t\t\t<svg xmlns=\"http:\/\/www.w3.org\/2000\/svg\" width=\"10\" height=\"10\" viewbox=\"0 0 10 10\"><path fill=\"#1B69FD\" d=\"M8.999 4h-2V.75C7 .338 6.662 0 6.25 0H3.75C3.338 0 3 .338 3 .75V4H1C.115 4-.335 5.08.296 5.707l3.999 4c.39.39 1.025.39 1.415 0l3.999-4C10.333 5.079 9.889 4 8.998 4zm-4 5L1.002 5h3V1H6v4h2.999l-4 4z\"><\/path><\/svg>\t\t\t<\/span>\n\t\t\t\t\t\t\t\t\t<span class=\"elementor-button-text\">T\u1ea3i xu\u1ed1ng PDF<\/span>\n\t\t\t\t\t<\/span>\n\t\t\t\t\t<\/a>\n\t\t\t\t<\/div>\n\t\t\t\t\t\t\t\t<\/div>\n\t\t\t\t<\/div>\n\t\t\t\t\t<\/div>\n\t\t<\/div>\n\t\t\t\t\t<\/div>\n\t\t<\/section>\n\t\t\t\t<section class=\"elementor-section elementor-inner-section elementor-element elementor-element-c06a8d6 elementor-section-boxed elementor-section-height-default elementor-section-height-default\" data-id=\"c06a8d6\" data-element_type=\"section\">\n\t\t\t\t\t\t<div class=\"elementor-container elementor-column-gap-default\">\n\t\t\t\t\t<div class=\"elementor-column elementor-col-50 elementor-inner-column elementor-element elementor-element-b75df1f\" data-id=\"b75df1f\" data-element_type=\"column\">\n\t\t\t<div class=\"elementor-widget-wrap elementor-element-populated\">\n\t\t\t\t\t\t<div class=\"elementor-element elementor-element-055a16e elementor-widget elementor-widget-heading\" data-id=\"055a16e\" data-element_type=\"widget\" data-widget_type=\"heading.default\">\n\t\t\t\t<div class=\"elementor-widget-container\">\n\t\t\t\t\t<span class=\"elementor-heading-title elementor-size-default\">Afilliate Agreement<\/span>\t\t\t\t<\/div>\n\t\t\t\t<\/div>\n\t\t\t\t\t<\/div>\n\t\t<\/div>\n\t\t\t\t<div class=\"elementor-column elementor-col-50 elementor-inner-column elementor-element elementor-element-f30a528\" data-id=\"f30a528\" data-element_type=\"column\">\n\t\t\t<div class=\"elementor-widget-wrap elementor-element-populated\">\n\t\t\t\t\t\t<div class=\"elementor-element elementor-element-8cea14f elementor-align-left elementor-widget elementor-widget-button\" data-id=\"8cea14f\" data-element_type=\"widget\" data-widget_type=\"button.default\">\n\t\t\t\t<div class=\"elementor-widget-container\">\n\t\t\t\t\t\t\t\t\t<div class=\"elementor-button-wrapper\">\n\t\t\t\t\t<a class=\"elementor-button elementor-button-link elementor-size-sm\" href=\"https:\/\/shared.gighl.com\/FXGiants_Affiliate_Agreement_Privacy_Policy_2026-001.pdf\" target=\"_blank\">\n\t\t\t\t\t\t<span class=\"elementor-button-content-wrapper\">\n\t\t\t\t\t\t<span class=\"elementor-button-icon\">\n\t\t\t\t<svg xmlns=\"http:\/\/www.w3.org\/2000\/svg\" width=\"10\" height=\"10\" viewbox=\"0 0 10 10\"><path fill=\"#1B69FD\" d=\"M8.999 4h-2V.75C7 .338 6.662 0 6.25 0H3.75C3.338 0 3 .338 3 .75V4H1C.115 4-.335 5.08.296 5.707l3.999 4c.39.39 1.025.39 1.415 0l3.999-4C10.333 5.079 9.889 4 8.998 4zm-4 5L1.002 5h3V1H6v4h2.999l-4 4z\"><\/path><\/svg>\t\t\t<\/span>\n\t\t\t\t\t\t\t\t\t<span class=\"elementor-button-text\">T\u1ea3i xu\u1ed1ng PDF<\/span>\n\t\t\t\t\t<\/span>\n\t\t\t\t\t<\/a>\n\t\t\t\t<\/div>\n\t\t\t\t\t\t\t\t<\/div>\n\t\t\t\t<\/div>\n\t\t\t\t\t<\/div>\n\t\t<\/div>\n\t\t\t\t\t<\/div>\n\t\t<\/section>\n\t\t\t\t<section class=\"elementor-section elementor-inner-section elementor-element elementor-element-ead197e elementor-section-boxed elementor-section-height-default elementor-section-height-default\" data-id=\"ead197e\" data-element_type=\"section\">\n\t\t\t\t\t\t<div class=\"elementor-container elementor-column-gap-default\">\n\t\t\t\t\t<div class=\"elementor-column elementor-col-50 elementor-inner-column elementor-element elementor-element-be09f7b\" data-id=\"be09f7b\" data-element_type=\"column\">\n\t\t\t<div class=\"elementor-widget-wrap elementor-element-populated\">\n\t\t\t\t\t\t<div class=\"elementor-element elementor-element-857641a elementor-widget elementor-widget-heading\" data-id=\"857641a\" data-element_type=\"widget\" data-widget_type=\"heading.default\">\n\t\t\t\t<div class=\"elementor-widget-container\">\n\t\t\t\t\t<span class=\"elementor-heading-title elementor-size-default\">Anti-Money Laundering Policy<\/span>\t\t\t\t<\/div>\n\t\t\t\t<\/div>\n\t\t\t\t\t<\/div>\n\t\t<\/div>\n\t\t\t\t<div class=\"elementor-column elementor-col-50 elementor-inner-column elementor-element elementor-element-2e32522\" data-id=\"2e32522\" data-element_type=\"column\">\n\t\t\t<div class=\"elementor-widget-wrap elementor-element-populated\">\n\t\t\t\t\t\t<div class=\"elementor-element elementor-element-9bd9766 elementor-align-left elementor-widget elementor-widget-button\" data-id=\"9bd9766\" data-element_type=\"widget\" data-widget_type=\"button.default\">\n\t\t\t\t<div class=\"elementor-widget-container\">\n\t\t\t\t\t\t\t\t\t<div class=\"elementor-button-wrapper\">\n\t\t\t\t\t<a class=\"elementor-button elementor-button-link elementor-size-sm\" href=\"https:\/\/\/shared.gighl.com\/FXG-LegalDocuments\/FXGiants_Anti-MoneyLaundering_Policy_v.2025_001.pdf\" target=\"_blank\">\n\t\t\t\t\t\t<span class=\"elementor-button-content-wrapper\">\n\t\t\t\t\t\t<span class=\"elementor-button-icon\">\n\t\t\t\t<svg xmlns=\"http:\/\/www.w3.org\/2000\/svg\" width=\"10\" height=\"10\" viewbox=\"0 0 10 10\"><path fill=\"#1B69FD\" d=\"M8.999 4h-2V.75C7 .338 6.662 0 6.25 0H3.75C3.338 0 3 .338 3 .75V4H1C.115 4-.335 5.08.296 5.707l3.999 4c.39.39 1.025.39 1.415 0l3.999-4C10.333 5.079 9.889 4 8.998 4zm-4 5L1.002 5h3V1H6v4h2.999l-4 4z\"><\/path><\/svg>\t\t\t<\/span>\n\t\t\t\t\t\t\t\t\t<span class=\"elementor-button-text\">T\u1ea3i xu\u1ed1ng PDF<\/span>\n\t\t\t\t\t<\/span>\n\t\t\t\t\t<\/a>\n\t\t\t\t<\/div>\n\t\t\t\t\t\t\t\t<\/div>\n\t\t\t\t<\/div>\n\t\t\t\t\t<\/div>\n\t\t<\/div>\n\t\t\t\t\t<\/div>\n\t\t<\/section>\n\t\t\t\t<section class=\"elementor-section elementor-inner-section elementor-element elementor-element-328a861 elementor-section-boxed elementor-section-height-default elementor-section-height-default\" data-id=\"328a861\" data-element_type=\"section\">\n\t\t\t\t\t\t<div class=\"elementor-container elementor-column-gap-default\">\n\t\t\t\t\t<div class=\"elementor-column elementor-col-50 elementor-inner-column elementor-element elementor-element-272a914\" data-id=\"272a914\" data-element_type=\"column\">\n\t\t\t<div class=\"elementor-widget-wrap elementor-element-populated\">\n\t\t\t\t\t\t<div class=\"elementor-element elementor-element-4eff60b elementor-widget elementor-widget-heading\" data-id=\"4eff60b\" data-element_type=\"widget\" data-widget_type=\"heading.default\">\n\t\t\t\t<div class=\"elementor-widget-container\">\n\t\t\t\t\t<span class=\"elementor-heading-title elementor-size-default\">Complaint Handling Policy <\/span>\t\t\t\t<\/div>\n\t\t\t\t<\/div>\n\t\t\t\t\t<\/div>\n\t\t<\/div>\n\t\t\t\t<div class=\"elementor-column elementor-col-50 elementor-inner-column elementor-element elementor-element-49d8a24\" data-id=\"49d8a24\" data-element_type=\"column\">\n\t\t\t<div class=\"elementor-widget-wrap elementor-element-populated\">\n\t\t\t\t\t\t<div class=\"elementor-element elementor-element-424f528 elementor-align-left elementor-widget elementor-widget-button\" data-id=\"424f528\" data-element_type=\"widget\" data-widget_type=\"button.default\">\n\t\t\t\t<div class=\"elementor-widget-container\">\n\t\t\t\t\t\t\t\t\t<div class=\"elementor-button-wrapper\">\n\t\t\t\t\t<a class=\"elementor-button elementor-button-link elementor-size-sm\" href=\"https:\/\/shared.gighl.com\/FXG-LegalDocuments\/FXGiants_Complaint_Handling_Policy_v.2025_001.pdf\" target=\"_blank\">\n\t\t\t\t\t\t<span class=\"elementor-button-content-wrapper\">\n\t\t\t\t\t\t<span class=\"elementor-button-icon\">\n\t\t\t\t<svg xmlns=\"http:\/\/www.w3.org\/2000\/svg\" width=\"10\" height=\"10\" viewbox=\"0 0 10 10\"><path fill=\"#1B69FD\" d=\"M8.999 4h-2V.75C7 .338 6.662 0 6.25 0H3.75C3.338 0 3 .338 3 .75V4H1C.115 4-.335 5.08.296 5.707l3.999 4c.39.39 1.025.39 1.415 0l3.999-4C10.333 5.079 9.889 4 8.998 4zm-4 5L1.002 5h3V1H6v4h2.999l-4 4z\"><\/path><\/svg>\t\t\t<\/span>\n\t\t\t\t\t\t\t\t\t<span class=\"elementor-button-text\">T\u1ea3i xu\u1ed1ng PDF<\/span>\n\t\t\t\t\t<\/span>\n\t\t\t\t\t<\/a>\n\t\t\t\t<\/div>\n\t\t\t\t\t\t\t\t<\/div>\n\t\t\t\t<\/div>\n\t\t\t\t\t<\/div>\n\t\t<\/div>\n\t\t\t\t\t<\/div>\n\t\t<\/section>\n\t\t\t\t\t<\/div>\n\t\t<\/div>\n\t\t\t\t\t<\/div>\n\t\t<\/section>\n\t\t\t\t<\/div>","protected":false},"excerpt":{"rendered":"<p>Legal documentation Security of our clients is our top priority. The relevant documents [&hellip;]<\/p>","protected":false},"author":1,"featured_media":0,"parent":2617,"menu_order":0,"comment_status":"closed","ping_status":"closed","template":"","meta":{"_acf_changed":false,"footnotes":""},"class_list":["post-2460","page","type-page","status-publish","hentry"],"acf":[],"yoast_head":"<!-- This site is optimized with the Yoast SEO Premium plugin v26.2 (Yoast SEO v26.2) - https:\/\/yoast.com\/wordpress\/plugins\/seo\/ -->\n<title>FXGiants | FXGiants Legal Documentation for Your Trading Online<\/title>\n<meta name=\"description\" content=\"Trade securely by reading our legal documentation. Your trading experience will be more effective with our online documentation. Sign up and trade now.\" \/>\n<meta name=\"robots\" content=\"index, follow, max-snippet:-1, max-image-preview:large, max-video-preview:-1\" \/>\n<link rel=\"canonical\" href=\"https:\/\/www.fxgiants-it.com\/fxg\/vi\/\" \/>\n<meta property=\"og:locale\" content=\"vi_VN\" \/>\n<meta property=\"og:type\" content=\"article\" \/>\n<meta property=\"og:title\" content=\"Legal Documents\" \/>\n<meta property=\"og:description\" content=\"Trade securely by reading our legal documentation. Your trading experience will be more effective with our online documentation. Sign up and trade now.\" \/>\n<meta property=\"og:url\" content=\"\/fxg\/vi\/\" \/>\n<meta property=\"og:site_name\" content=\"FXGiants\" \/>\n<meta property=\"article:modified_time\" content=\"2026-04-16T12:12:41+00:00\" \/>\n<meta name=\"twitter:card\" content=\"summary_large_image\" \/>\n<meta name=\"twitter:label1\" content=\"\u01af\u1edbc t\u00ednh th\u1eddi gian \u0111\u1ecdc\" \/>\n\t<meta name=\"twitter:data1\" content=\"1 ph\u00fat\" \/>\n<script type=\"application\/ld+json\" class=\"yoast-schema-graph\">{\"@context\":\"https:\/\/schema.org\",\"@graph\":[{\"@type\":\"WebPage\",\"@id\":\"\/\",\"url\":\"https:\/\/www.fxgiants-it.com\/\",\"name\":\"FXGiants | FXGiants Legal Documentation for Your Trading Online\",\"isPartOf\":{\"@id\":\"https:\/\/www.fxgiants-it.com\/fxg\/tr\/#website\"},\"datePublished\":\"2021-12-09T12:50:39+00:00\",\"dateModified\":\"2026-04-16T12:12:41+00:00\",\"description\":\"Trade securely by reading our legal documentation. Your trading experience will be more effective with our online documentation. Sign up and trade now.\",\"breadcrumb\":{\"@id\":\"https:\/\/www.fxgiants-it.com\/#breadcrumb\"},\"inLanguage\":\"vi\",\"potentialAction\":[{\"@type\":\"ReadAction\",\"target\":[\"https:\/\/www.fxgiants-it.com\/\"]}]},{\"@type\":\"BreadcrumbList\",\"@id\":\"https:\/\/www.fxgiants-it.com\/#breadcrumb\",\"itemListElement\":[{\"@type\":\"ListItem\",\"position\":1,\"name\":\"Home\",\"item\":\"https:\/\/www.fxgiants-it.com\/fxg\/vi\/\"},{\"@type\":\"ListItem\",\"position\":2,\"name\":\"FXGiants\",\"item\":\"https:\/\/www.fxgiants-it.com\/fxg\/vi\/fxgiants\/\"},{\"@type\":\"ListItem\",\"position\":3,\"name\":\"Legal Documents\"}]},{\"@type\":\"WebSite\",\"@id\":\"https:\/\/www.fxgiants-it.com\/fxg\/tr\/#website\",\"url\":\"https:\/\/www.fxgiants-it.com\/fxg\/tr\/\",\"name\":\"FXGiants\",\"description\":\"\",\"publisher\":{\"@id\":\"https:\/\/www.fxgiants-it.com\/fxg\/tr\/#organization\"},\"potentialAction\":[{\"@type\":\"SearchAction\",\"target\":{\"@type\":\"EntryPoint\",\"urlTemplate\":\"https:\/\/www.fxgiants-it.com\/fxg\/tr\/?s={search_term_string}\"},\"query-input\":{\"@type\":\"PropertyValueSpecification\",\"valueRequired\":true,\"valueName\":\"search_term_string\"}}],\"inLanguage\":\"vi\"},{\"@type\":\"Organization\",\"@id\":\"https:\/\/www.fxgiants-it.com\/fxg\/tr\/#organization\",\"name\":\"FXGiants\",\"url\":\"https:\/\/www.fxgiants-it.com\/fxg\/tr\/\",\"logo\":{\"@type\":\"ImageObject\",\"inLanguage\":\"vi\",\"@id\":\"https:\/\/www.fxgiants-it.com\/fxg\/tr\/#\/schema\/logo\/image\/\",\"url\":\"\/fxg\/wp-content\/uploads\/2021\/11\/logo.svg\",\"contentUrl\":\"\/fxg\/wp-content\/uploads\/2021\/11\/logo.svg\",\"width\":134,\"height\":25,\"caption\":\"FXGiants\"},\"image\":{\"@id\":\"https:\/\/www.fxgiants-it.com\/fxg\/tr\/#\/schema\/logo\/image\/\"}}]}<\/script>\n<!-- \/ Yoast SEO Premium plugin. -->","yoast_head_json":{"title":"FXGiants | T&#224;i li\u1ec7u Ph&#225;p l&#253; cho Giao d\u1ecbch Tr\u1ef1c tuy\u1ebfn c\u1ee7a FXGiants","description":"Giao d\u1ecbch an to&#224;n b\u1eb1ng c&#225;ch \u0111\u1ecdc t&#224;i li\u1ec7u ph&#225;p l&#253; c\u1ee7a ch&#250;ng t&#244;i. Kinh nghi\u1ec7m giao d\u1ecbch c\u1ee7a b\u1ea1n s\u1ebd hi\u1ec7u qu\u1ea3 h\u01a1n v\u1edbi t&#224;i li\u1ec7u tr\u1ef1c tuy\u1ebfn c\u1ee7a ch&#250;ng t&#244;i. H&#227;y \u0111\u0103ng k&#253; v&#224; giao d\u1ecbch ngay b&#226;y gi\u1edd.","robots":{"index":"index","follow":"follow","max-snippet":"max-snippet:-1","max-image-preview":"max-image-preview:large","max-video-preview":"max-video-preview:-1"},"canonical":"https:\/\/www.fxgiants-it.com\/fxg\/vi\/","og_locale":"vi_VN","og_type":"article","og_title":"Legal Documents","og_description":"Trade securely by reading our legal documentation. Your trading experience will be more effective with our online documentation. Sign up and trade now.","og_url":"\/fxg\/vi\/","og_site_name":"FXGiants","article_modified_time":"2026-04-16T12:12:41+00:00","twitter_card":"summary_large_image","twitter_misc":{"\u01af\u1edbc t\u00ednh th\u1eddi gian \u0111\u1ecdc":"1 ph\u00fat"},"schema":{"@context":"https:\/\/schema.org","@graph":[{"@type":"WebPage","@id":"\/","url":"https:\/\/www.fxgiants-it.com\/","name":"FXGiants | T&#224;i li\u1ec7u Ph&#225;p l&#253; cho Giao d\u1ecbch Tr\u1ef1c tuy\u1ebfn c\u1ee7a FXGiants","isPartOf":{"@id":"https:\/\/www.fxgiants-it.com\/fxg\/tr\/#website"},"datePublished":"2021-12-09T12:50:39+00:00","dateModified":"2026-04-16T12:12:41+00:00","description":"Giao d\u1ecbch an to&#224;n b\u1eb1ng c&#225;ch \u0111\u1ecdc t&#224;i li\u1ec7u ph&#225;p l&#253; c\u1ee7a ch&#250;ng t&#244;i. Kinh nghi\u1ec7m giao d\u1ecbch c\u1ee7a b\u1ea1n s\u1ebd hi\u1ec7u qu\u1ea3 h\u01a1n v\u1edbi t&#224;i li\u1ec7u tr\u1ef1c tuy\u1ebfn c\u1ee7a ch&#250;ng t&#244;i. H&#227;y \u0111\u0103ng k&#253; v&#224; giao d\u1ecbch ngay b&#226;y gi\u1edd.","breadcrumb":{"@id":"https:\/\/www.fxgiants-it.com\/#breadcrumb"},"inLanguage":"vi","potentialAction":[{"@type":"ReadAction","target":["https:\/\/www.fxgiants-it.com\/"]}]},{"@type":"BreadcrumbList","@id":"https:\/\/www.fxgiants-it.com\/#breadcrumb","itemListElement":[{"@type":"ListItem","position":1,"name":"Home","item":"https:\/\/www.fxgiants-it.com\/fxg\/vi\/"},{"@type":"ListItem","position":2,"name":"FXGiants","item":"https:\/\/www.fxgiants-it.com\/fxg\/vi\/fxgiants\/"},{"@type":"ListItem","position":3,"name":"Legal Documents"}]},{"@type":"WebSite","@id":"https:\/\/www.fxgiants-it.com\/fxg\/tr\/#website","url":"https:\/\/www.fxgiants-it.com\/fxg\/tr\/","name":"FXGiants","description":"","publisher":{"@id":"https:\/\/www.fxgiants-it.com\/fxg\/tr\/#organization"},"potentialAction":[{"@type":"SearchAction","target":{"@type":"EntryPoint","urlTemplate":"https:\/\/www.fxgiants-it.com\/fxg\/tr\/?s={search_term_string}"},"query-input":{"@type":"PropertyValueSpecification","valueRequired":true,"valueName":"search_term_string"}}],"inLanguage":"vi"},{"@type":"Organization","@id":"https:\/\/www.fxgiants-it.com\/fxg\/tr\/#organization","name":"FXGiants","url":"https:\/\/www.fxgiants-it.com\/fxg\/tr\/","logo":{"@type":"ImageObject","inLanguage":"vi","@id":"https:\/\/www.fxgiants-it.com\/fxg\/tr\/#\/schema\/logo\/image\/","url":"\/fxg\/wp-content\/uploads\/2021\/11\/logo.svg","contentUrl":"\/fxg\/wp-content\/uploads\/2021\/11\/logo.svg","width":134,"height":25,"caption":"FXGiants"},"image":{"@id":"https:\/\/www.fxgiants-it.com\/fxg\/tr\/#\/schema\/logo\/image\/"}}]}},"_links":{"self":[{"href":"https:\/\/www.fxgiants-it.com\/fxg\/vi\/wp-json\/wp\/v2\/pages\/2460","targetHints":{"allow":["GET"]}}],"collection":[{"href":"https:\/\/www.fxgiants-it.com\/fxg\/vi\/wp-json\/wp\/v2\/pages"}],"about":[{"href":"https:\/\/www.fxgiants-it.com\/fxg\/vi\/wp-json\/wp\/v2\/types\/page"}],"author":[{"embeddable":true,"href":"https:\/\/www.fxgiants-it.com\/fxg\/vi\/wp-json\/wp\/v2\/users\/1"}],"replies":[{"embeddable":true,"href":"https:\/\/www.fxgiants-it.com\/fxg\/vi\/wp-json\/wp\/v2\/comments?post=2460"}],"version-history":[{"count":10,"href":"https:\/\/www.fxgiants-it.com\/fxg\/vi\/wp-json\/wp\/v2\/pages\/2460\/revisions"}],"predecessor-version":[{"id":28095,"href":"https:\/\/www.fxgiants-it.com\/fxg\/vi\/wp-json\/wp\/v2\/pages\/2460\/revisions\/28095"}],"up":[{"embeddable":true,"href":"https:\/\/www.fxgiants-it.com\/fxg\/vi\/wp-json\/wp\/v2\/pages\/2617"}],"wp:attachment":[{"href":"https:\/\/www.fxgiants-it.com\/fxg\/vi\/wp-json\/wp\/v2\/media?parent=2460"}],"curies":[{"name":"wp","href":"https:\/\/api.w.org\/{rel}","templated":true}]}}