{"id":20474,"date":"2022-09-30T13:20:55","date_gmt":"2022-09-30T13:20:55","guid":{"rendered":"https:\/\/fxgiants-com.wp-dev.int.theitops.net\/fxg\/?page_id=20474"},"modified":"2025-07-29T12:44:07","modified_gmt":"2025-07-29T09:44:07","slug":"widgets","status":"publish","type":"page","link":"https:\/\/www.fxgiants-it.com\/fxg\/vi\/trading\/widgets\/","title":{"rendered":"Widgets"},"content":{"rendered":"<div data-elementor-type=\"wp-page\" data-elementor-id=\"20474\" class=\"elementor elementor-20474\" data-elementor-post-type=\"page\">\n\t\t\t\t\t\t<section class=\"elementor-section elementor-top-section elementor-element elementor-element-2e8e9977 elementor-section-boxed elementor-section-height-default elementor-section-height-default\" data-id=\"2e8e9977\" data-element_type=\"section\">\n\t\t\t\t\t\t<div class=\"elementor-container elementor-column-gap-default\">\n\t\t\t\t\t<div class=\"elementor-column elementor-col-100 elementor-top-column elementor-element elementor-element-28557bad\" data-id=\"28557bad\" data-element_type=\"column\">\n\t\t\t<div class=\"elementor-widget-wrap elementor-element-populated\">\n\t\t\t\t\t\t<div class=\"elementor-element elementor-element-4669ce40 elementor-widget elementor-widget-heading\" data-id=\"4669ce40\" data-element_type=\"widget\" data-widget_type=\"heading.default\">\n\t\t\t\t<div class=\"elementor-widget-container\">\n\t\t\t\t\t<h2 class=\"elementor-heading-title elementor-size-default\">Widget Forex<\/h2>\t\t\t\t<\/div>\n\t\t\t\t<\/div>\n\t\t\t\t\t<\/div>\n\t\t<\/div>\n\t\t\t\t\t<\/div>\n\t\t<\/section>\n\t\t\t\t<section class=\"elementor-section elementor-top-section elementor-element elementor-element-668bb193 elementor-section-boxed elementor-section-height-default elementor-section-height-default\" data-id=\"668bb193\" data-element_type=\"section\">\n\t\t\t\t\t\t<div class=\"elementor-container elementor-column-gap-default\">\n\t\t\t\t\t<div class=\"elementor-column elementor-col-100 elementor-top-column elementor-element elementor-element-2291f9b9\" data-id=\"2291f9b9\" data-element_type=\"column\">\n\t\t\t<div class=\"elementor-widget-wrap elementor-element-populated\">\n\t\t\t\t\t\t<div class=\"elementor-element elementor-element-1efd6da3 elementor-widget__width-initial elementor-widget elementor-widget-text-editor\" data-id=\"1efd6da3\" data-element_type=\"widget\" data-widget_type=\"text-editor.default\">\n\t\t\t\t<div class=\"elementor-widget-container\">\n\t\t\t\t\t\t\t\t\t<p>D\u00f9 b\u1ea1n l\u00e0 nh\u00e0 giao d\u1ecbch ho\u1eb7c c\u00f3 trang web giao d\u1ecbch, widget forex c\u1ee7a ch\u00fang t\u00f4i s\u1ebd l\u00e0 c\u00f4ng c\u1ee5 h\u1ed7 tr\u1ee3 hi\u1ec7u qu\u1ea3 v\u00e0 d\u1ec5 s\u1eed d\u1ee5ng, nh\u1eb1m ph\u1ee5c v\u1ee5 nhu c\u1ea7u giao d\u1ecbch h\u00e0ng ng\u00e0y c\u1ee7a c\u00e1c nh\u00e0 giao d\u1ecbch.\nWidget forex c\u1ee7a ch\u00fang t\u00f4i \u0111\u01b0\u1ee3c thi\u1ebft k\u1ebf chuy\u00ean nghi\u1ec7p v\u00e0 c\u00f3 th\u1ec3 c\u00e0i \u0111\u1eb7t d\u1ec5 d\u00e0ng l\u00ean m\u1ecdi trang web. FXGiants cung c\u1ea5p h\u00e0ng lo\u1ea1t widget, bao g\u1ed3m b\u1ed9 quy \u0111\u1ed5i ti\u1ec1n t\u1ec7 v\u00e0 m\u00e1y t\u00ednh pip, k\u00fd qu\u1ef9 v\u00e0 l\u1ee3i nhu\u1eadn.<\/p>\t\t\t\t\t\t\t\t<\/div>\n\t\t\t\t<\/div>\n\t\t\t\t<div class=\"elementor-element elementor-element-77eac371 elementor-align-center button-angled-holder elementor-widget elementor-widget-button\" data-id=\"77eac371\" data-element_type=\"widget\" data-settings=\"{&quot;_animation&quot;:&quot;none&quot;}\" data-widget_type=\"button.default\">\n\t\t\t\t<div class=\"elementor-widget-container\">\n\t\t\t\t\t\t\t\t\t<div class=\"elementor-button-wrapper\">\n\t\t\t\t\t<a class=\"elementor-button elementor-button-link elementor-size-xl\" href=\"https:\/\/nep.fxgiants.com\/vi\/registration\">\n\t\t\t\t\t\t<span class=\"elementor-button-content-wrapper\">\n\t\t\t\t\t\t\t\t\t<span class=\"elementor-button-text\">M\u1edf t\u00e0i kho\u1ea3n<\/span>\n\t\t\t\t\t<\/span>\n\t\t\t\t\t<\/a>\n\t\t\t\t<\/div>\n\t\t\t\t\t\t\t\t<\/div>\n\t\t\t\t<\/div>\n\t\t\t\t<div class=\"elementor-element elementor-element-10e04f9a elementor-widget elementor-widget-heading\" data-id=\"10e04f9a\" data-element_type=\"widget\" data-widget_type=\"heading.default\">\n\t\t\t\t<div class=\"elementor-widget-container\">\n\t\t\t\t\t<div class=\"elementor-heading-title elementor-size-default translation-block\">T\u1ea5t c\u1ea3 giao d\u1ecbch \u0111\u1ec1u ti\u1ec1m \u1ea9n r\u1ee7i ro. <br>B\u1ea1n c\u00f3 th\u1ec3 m\u1ea5t t\u1ea5t c\u1ea3 v\u1ed1n.<\/div>\t\t\t\t<\/div>\n\t\t\t\t<\/div>\n\t\t\t\t<div class=\"elementor-element elementor-element-af62f7f elementor-widget elementor-widget-trading-widgets\" data-id=\"af62f7f\" data-element_type=\"widget\" data-widget_type=\"trading-widgets.default\">\n\t\t\t\t<div class=\"elementor-widget-container\">\n\t\t\t\t\t<link rel=\"stylesheet\" href=\"\/fxg\/wp-content\/plugins\/cool-widgets\/assets\/assets\/trading-widgets.5d7da681.css\">\n<link rel=\"stylesheet\" href=\"\/fxg\/wp-content\/plugins\/cool-widgets\/assets\/assets\/widgets.5495483d.css\"><script type=\"module\" crossorigin=\"anonymous\" src=\"\/fxg\/wp-content\/plugins\/cool-widgets\/assets\/assets\/trading-widgets.6d51c55b.js\"><\/script><div id=\"trading-widgets\" data-base-url=\"https:\/\/www.fxgiants-it.com\/fxg\" data-lang=\"vi\" data-api=\"https:\/\/api.fxgiants.com\/prices\"><\/div>\t\t\t\t<\/div>\n\t\t\t\t<\/div>\n\t\t\t\t<div class=\"elementor-element elementor-element-5a93d853 elementor-widget elementor-widget-heading\" data-id=\"5a93d853\" data-element_type=\"widget\" data-widget_type=\"heading.default\">\n\t\t\t\t<div class=\"elementor-widget-container\">\n\t\t\t\t\t<h2 class=\"elementor-heading-title elementor-size-default\">How our Forex Widgets work<\/h2>\t\t\t\t<\/div>\n\t\t\t\t<\/div>\n\t\t\t\t\t<\/div>\n\t\t<\/div>\n\t\t\t\t\t<\/div>\n\t\t<\/section>\n\t\t\t\t<section class=\"elementor-section elementor-top-section elementor-element elementor-element-34b9e0bd elementor-section-boxed elementor-section-height-default elementor-section-height-default\" data-id=\"34b9e0bd\" data-element_type=\"section\">\n\t\t\t\t\t\t<div class=\"elementor-container elementor-column-gap-default\">\n\t\t\t\t\t<div class=\"elementor-column elementor-col-50 elementor-top-column elementor-element elementor-element-46f18bca\" data-id=\"46f18bca\" data-element_type=\"column\">\n\t\t\t<div class=\"elementor-widget-wrap elementor-element-populated\">\n\t\t\t\t\t\t<div class=\"elementor-element elementor-element-475eed2f elementor-position-top elementor-widget elementor-widget-image-box\" data-id=\"475eed2f\" data-element_type=\"widget\" data-widget_type=\"image-box.default\">\n\t\t\t\t<div class=\"elementor-widget-container\">\n\t\t\t\t\t<div class=\"elementor-image-box-wrapper\"><figure class=\"elementor-image-box-img\"><img decoding=\"async\" width=\"76\" height=\"76\" src=\"\/fxg\/wp-content\/uploads\/2022\/09\/pip-calculator.svg\" class=\"attachment-full size-full wp-image-20484\" alt=\"\" \/><\/figure><div class=\"elementor-image-box-content\"><h3 class=\"elementor-image-box-title\">M\u00e1y t\u00ednh Pip<\/h3><p class=\"elementor-image-box-description\">T\u00ednh gi\u00e1 tr\u1ecb pip theo \u0111\u01a1n v\u1ecb ti\u1ec1n t\u1ec7 c\u1ee7a t\u00e0i kho\u1ea3n giao d\u1ecbch c\u1ee7a b\u1ea1n v\u00e0 qu\u1ea3n l\u00fd r\u1ee7i ro c\u1ee7a m\u1ed7i giao d\u1ecbch. Ch\u1ecdn \u0111\u01a1n v\u1ecb ti\u1ec1n t\u1ec7 c\u1ee7a t\u00e0i kho\u1ea3n, c\u1eb7p ti\u1ec1n, quy m\u00f4 v\u1ecb th\u1ebf v\u00e0 nh\u1ea5n v\u00e0o \"T\u00ednh\".<\/p><\/div><\/div>\t\t\t\t<\/div>\n\t\t\t\t<\/div>\n\t\t\t\t\t<\/div>\n\t\t<\/div>\n\t\t\t\t<div class=\"elementor-column elementor-col-50 elementor-top-column elementor-element elementor-element-179ebd9b\" data-id=\"179ebd9b\" data-element_type=\"column\">\n\t\t\t<div class=\"elementor-widget-wrap elementor-element-populated\">\n\t\t\t\t\t\t<div class=\"elementor-element elementor-element-4d979474 elementor-position-top elementor-widget elementor-widget-image-box\" data-id=\"4d979474\" data-element_type=\"widget\" data-widget_type=\"image-box.default\">\n\t\t\t\t<div class=\"elementor-widget-container\">\n\t\t\t\t\t<div class=\"elementor-image-box-wrapper\"><figure class=\"elementor-image-box-img\"><img decoding=\"async\" width=\"76\" height=\"76\" src=\"\/fxg\/wp-content\/uploads\/2022\/09\/margin-calculator.svg\" class=\"attachment-full size-full wp-image-20485\" alt=\"\" \/><\/figure><div class=\"elementor-image-box-content\"><h3 class=\"elementor-image-box-title\">M\u00e1y t\u00ednh k\u00fd qu\u1ef9<\/h3><p class=\"elementor-image-box-description\">T\u00ednh s\u1ed1 ti\u1ec1n k\u00fd qu\u1ef9 c\u1ea7n thi\u1ebft \u0111\u1ec3 m\u1edf v\u00e0 n\u1eafm gi\u1eef v\u1ecb th\u1ebf. Ch\u1ecdn \u0111\u01a1n v\u1ecb ti\u1ec1n t\u1ec7 c\u1ee7a t\u00e0i kho\u1ea3n, c\u1eb7p ti\u1ec1n, \u0111\u00f2n b\u1ea9y, quy m\u00f4 giao d\u1ecbch c\u1ee7a b\u1ea1n v\u00e0 nh\u1ea5n v\u00e0o \u201cT\u00ednh\u201d.<\/p><\/div><\/div>\t\t\t\t<\/div>\n\t\t\t\t<\/div>\n\t\t\t\t\t<\/div>\n\t\t<\/div>\n\t\t\t\t\t<\/div>\n\t\t<\/section>\n\t\t\t\t<section class=\"elementor-section elementor-top-section elementor-element elementor-element-10dc87a6 elementor-section-boxed elementor-section-height-default elementor-section-height-default\" data-id=\"10dc87a6\" data-element_type=\"section\">\n\t\t\t\t\t\t<div class=\"elementor-container elementor-column-gap-default\">\n\t\t\t\t\t<div class=\"elementor-column elementor-col-50 elementor-top-column elementor-element elementor-element-404454e3\" data-id=\"404454e3\" data-element_type=\"column\">\n\t\t\t<div class=\"elementor-widget-wrap elementor-element-populated\">\n\t\t\t\t\t\t<div class=\"elementor-element elementor-element-6227a55b elementor-position-top elementor-widget elementor-widget-image-box\" data-id=\"6227a55b\" data-element_type=\"widget\" data-widget_type=\"image-box.default\">\n\t\t\t\t<div class=\"elementor-widget-container\">\n\t\t\t\t\t<div class=\"elementor-image-box-wrapper\"><figure class=\"elementor-image-box-img\"><img decoding=\"async\" width=\"76\" height=\"76\" src=\"\/fxg\/wp-content\/uploads\/2022\/09\/profit-calculator.svg\" class=\"attachment-full size-full wp-image-20486\" alt=\"\" \/><\/figure><div class=\"elementor-image-box-content\"><h3 class=\"elementor-image-box-title\">M\u00e1y t\u00ednh l\u1ee3i nhu\u1eadn<\/h3><p class=\"elementor-image-box-description\">T\u00ednh k\u1ebft qu\u1ea3 c\u1ee7a m\u1ed7i giao d\u1ecbch m\u1ed9t c\u00e1ch d\u1ec5 d\u00e0ng. Ch\u1ecdn c\u1eb7p ti\u1ec1n m\u00e0 b\u1ea1n mu\u1ed1n mua ho\u1eb7c b\u00e1n, gi\u00e1 m\u1edf v\u00e0 gi\u00e1 \u0111\u00f3ng, quy m\u00f4 giao d\u1ecbch v\u00e0 \u0111\u01a1n v\u1ecb ti\u1ec1n t\u1ec7 m\u00e0 b\u1ea1n n\u1ea1p. Cu\u1ed1i c\u00f9ng, h\u00e3y nh\u1ea5n v\u00e0o \"T\u00ednh\".<\/p><\/div><\/div>\t\t\t\t<\/div>\n\t\t\t\t<\/div>\n\t\t\t\t\t<\/div>\n\t\t<\/div>\n\t\t\t\t<div class=\"elementor-column elementor-col-50 elementor-top-column elementor-element elementor-element-af447c\" data-id=\"af447c\" data-element_type=\"column\">\n\t\t\t<div class=\"elementor-widget-wrap elementor-element-populated\">\n\t\t\t\t\t\t<div class=\"elementor-element elementor-element-7cf4bd07 elementor-position-top elementor-widget elementor-widget-image-box\" data-id=\"7cf4bd07\" data-element_type=\"widget\" data-widget_type=\"image-box.default\">\n\t\t\t\t<div class=\"elementor-widget-container\">\n\t\t\t\t\t<div class=\"elementor-image-box-wrapper\"><figure class=\"elementor-image-box-img\"><img loading=\"lazy\" decoding=\"async\" width=\"76\" height=\"76\" src=\"\/fxg\/wp-content\/uploads\/2022\/09\/currency-converter.svg\" class=\"attachment-full size-full wp-image-20487\" alt=\"\" \/><\/figure><div class=\"elementor-image-box-content\"><h3 class=\"elementor-image-box-title\">B\u1ed9 quy \u0111\u1ed5i ti\u1ec1n t\u1ec7<\/h3><p class=\"elementor-image-box-description\">Quy \u0111\u1ed5i c\u00e1c \u0111\u1ed3ng ti\u1ec1n ch\u00ednh nhanh ch\u00f3ng. Ch\u1ecdn \u0111\u1ed3ng ti\u1ec1n c\u1ee7a b\u1ea1n v\u00e0 \u0111\u1ed3ng ti\u1ec1n b\u1ea1n mu\u1ed1n quy \u0111\u1ed5i, nh\u1eadp s\u1ed1 ti\u1ec1n v\u00e0 ch\u1ecdn \"T\u00ednh\".<\/p><\/div><\/div>\t\t\t\t<\/div>\n\t\t\t\t<\/div>\n\t\t\t\t\t<\/div>\n\t\t<\/div>\n\t\t\t\t\t<\/div>\n\t\t<\/section>\n\t\t\t\t<section class=\"elementor-section elementor-top-section elementor-element elementor-element-31c4029c elementor-section-boxed elementor-section-height-default elementor-section-height-default\" data-id=\"31c4029c\" data-element_type=\"section\" data-settings=\"{&quot;background_background&quot;:&quot;classic&quot;}\">\n\t\t\t\t\t\t<div class=\"elementor-container elementor-column-gap-no\">\n\t\t\t\t\t<div class=\"elementor-column elementor-col-100 elementor-top-column elementor-element elementor-element-277cc5ae\" data-id=\"277cc5ae\" data-element_type=\"column\" data-settings=\"{&quot;background_background&quot;:&quot;classic&quot;}\">\n\t\t\t<div class=\"elementor-widget-wrap elementor-element-populated\">\n\t\t\t\t\t\t<section class=\"elementor-section elementor-inner-section elementor-element elementor-element-2d823b16 elementor-section-boxed elementor-section-height-default elementor-section-height-default\" data-id=\"2d823b16\" data-element_type=\"section\">\n\t\t\t\t\t\t<div class=\"elementor-container elementor-column-gap-no\">\n\t\t\t\t\t<div class=\"elementor-column elementor-col-50 elementor-inner-column elementor-element elementor-element-68fa341b\" data-id=\"68fa341b\" data-element_type=\"column\">\n\t\t\t<div class=\"elementor-widget-wrap elementor-element-populated\">\n\t\t\t\t\t\t<div class=\"elementor-element elementor-element-51f96235 elementor-widget elementor-widget-heading\" data-id=\"51f96235\" data-element_type=\"widget\" data-widget_type=\"heading.default\">\n\t\t\t\t<div class=\"elementor-widget-container\">\n\t\t\t\t\t<h2 class=\"elementor-heading-title elementor-size-default\">FXGiants cung c\u1ea5p gi\u00e1 c\u1ea3 c\u1ea1nh tranh v\u00e0 th\u1ef1c thi l\u1ec7nh nhanh ch\u00f3ng.<\/h2>\t\t\t\t<\/div>\n\t\t\t\t<\/div>\n\t\t\t\t<div class=\"elementor-element elementor-element-19b6e42f elementor-widget elementor-widget-heading\" data-id=\"19b6e42f\" data-element_type=\"widget\" data-widget_type=\"heading.default\">\n\t\t\t\t<div class=\"elementor-widget-container\">\n\t\t\t\t\t<h2 class=\"elementor-heading-title elementor-size-default\">H\u00e3y b\u1eaft \u0111\u1ea7u giao d\u1ecbch v\u1edbi m\u1ed9t nh\u00e0 m\u00f4i gi\u1edbi m\u1ea1nh m\u1ebd ngay h\u00f4m nay.<\/h2>\t\t\t\t<\/div>\n\t\t\t\t<\/div>\n\t\t\t\t<div class=\"elementor-element elementor-element-342fa848 elementor-align-center button-angled-holder elementor-widget elementor-widget-button\" data-id=\"342fa848\" data-element_type=\"widget\" data-settings=\"{&quot;_animation&quot;:&quot;none&quot;}\" data-widget_type=\"button.default\">\n\t\t\t\t<div class=\"elementor-widget-container\">\n\t\t\t\t\t\t\t\t\t<div class=\"elementor-button-wrapper\">\n\t\t\t\t\t<a class=\"elementor-button elementor-button-link elementor-size-sm\" href=\"https:\/\/nep.fxgiants.com\/vi\/registration\">\n\t\t\t\t\t\t<span class=\"elementor-button-content-wrapper\">\n\t\t\t\t\t\t\t\t\t<span class=\"elementor-button-text\">M\u1edf t\u00e0i kho\u1ea3n<\/span>\n\t\t\t\t\t<\/span>\n\t\t\t\t\t<\/a>\n\t\t\t\t<\/div>\n\t\t\t\t\t\t\t\t<\/div>\n\t\t\t\t<\/div>\n\t\t\t\t<div class=\"elementor-element elementor-element-1f6f744 elementor-widget elementor-widget-text-editor\" data-id=\"1f6f744\" data-element_type=\"widget\" data-widget_type=\"text-editor.default\">\n\t\t\t\t<div class=\"elementor-widget-container\">\n\t\t\t\t\t\t\t\t\t<p>Ho\u1eb7c th\u1eed <a href=\"https:\/\/nep.fxgiants.com\/vi\/register?flowkey=demo\">T\u00e0i kho\u1ea3n Demo<\/a><\/p>\t\t\t\t\t\t\t\t<\/div>\n\t\t\t\t<\/div>\n\t\t\t\t<div class=\"elementor-element elementor-element-4b2cfa67 elementor-widget elementor-widget-text-editor\" data-id=\"4b2cfa67\" data-element_type=\"widget\" data-widget_type=\"text-editor.default\">\n\t\t\t\t<div class=\"elementor-widget-container\">\n\t\t\t\t\t\t\t\t\t<p class=\"translation-block\">T\u1ea5t c\u1ea3 giao d\u1ecbch \u0111\u1ec1u ti\u1ec1m \u1ea9n r\u1ee7i ro. <br>B\u1ea1n c\u00f3 th\u1ec3 m\u1ea5t t\u1ea5t c\u1ea3 v\u1ed1n.<\/p>\t\t\t\t\t\t\t\t<\/div>\n\t\t\t\t<\/div>\n\t\t\t\t\t<\/div>\n\t\t<\/div>\n\t\t\t\t<div class=\"elementor-column elementor-col-50 elementor-inner-column elementor-element elementor-element-7fe4254d\" data-id=\"7fe4254d\" data-element_type=\"column\">\n\t\t\t<div class=\"elementor-widget-wrap elementor-element-populated\">\n\t\t\t\t\t\t<div class=\"elementor-element elementor-element-247bd3e3 elementor-widget elementor-widget-image\" data-id=\"247bd3e3\" data-element_type=\"widget\" data-widget_type=\"image.default\">\n\t\t\t\t<div class=\"elementor-widget-container\">\n\t\t\t\t\t\t\t\t\t\t\t\t\t\t\t<img loading=\"lazy\" decoding=\"async\" width=\"800\" height=\"508\" src=\"\/fxg\/wp-content\/uploads\/2024\/09\/markets-trading-broker-laptop.png\" class=\"attachment-large size-large wp-image-24525\" alt=\"\" \/>\t\t\t\t\t\t\t\t\t\t\t\t\t\t\t<\/div>\n\t\t\t\t<\/div>\n\t\t\t\t\t<\/div>\n\t\t<\/div>\n\t\t\t\t\t<\/div>\n\t\t<\/section>\n\t\t\t\t\t<\/div>\n\t\t<\/div>\n\t\t\t\t\t<\/div>\n\t\t<\/section>\n\t\t\t\t<\/div>","protected":false},"excerpt":{"rendered":"<p>Forex Widgets Whether you are a trader or have a trading website, our [&hellip;]<\/p>","protected":false},"author":1,"featured_media":0,"parent":946,"menu_order":0,"comment_status":"closed","ping_status":"closed","template":"elementor_header_footer","meta":{"_acf_changed":false,"footnotes":""},"class_list":["post-20474","page","type-page","status-publish","hentry"],"acf":[],"yoast_head":"<!-- This site is optimized with the Yoast SEO Premium plugin v26.2 (Yoast SEO v26.2) - https:\/\/yoast.com\/wordpress\/plugins\/seo\/ -->\n<title>Useful trading and forex widgets<\/title>\n<meta name=\"description\" content=\"FXGiants\u2019 forex and trading widgets provide traders and investors with the opportunity to improve their trading and traffic.\" \/>\n<meta name=\"robots\" content=\"index, follow, max-snippet:-1, max-image-preview:large, max-video-preview:-1\" \/>\n<link rel=\"canonical\" href=\"https:\/\/www.fxgiants-it.com\/fxg\/vi\/\" \/>\n<meta property=\"og:locale\" content=\"vi_VN\" \/>\n<meta property=\"og:type\" content=\"article\" \/>\n<meta property=\"og:title\" content=\"Widgets\" \/>\n<meta property=\"og:description\" content=\"FXGiants\u2019 forex and trading widgets provide traders and investors with the opportunity to improve their trading and traffic.\" \/>\n<meta property=\"og:url\" content=\"\/fxg\/vi\/\" \/>\n<meta property=\"og:site_name\" content=\"FXGiants\" \/>\n<meta property=\"article:modified_time\" content=\"2025-07-29T09:44:07+00:00\" \/>\n<meta name=\"twitter:card\" content=\"summary_large_image\" \/>\n<meta name=\"twitter:label1\" content=\"\u01af\u1edbc t\u00ednh th\u1eddi gian \u0111\u1ecdc\" \/>\n\t<meta name=\"twitter:data1\" content=\"3 ph\u00fat\" \/>\n<script type=\"application\/ld+json\" class=\"yoast-schema-graph\">{\"@context\":\"https:\/\/schema.org\",\"@graph\":[{\"@type\":\"WebPage\",\"@id\":\"\/\",\"url\":\"https:\/\/www.fxgiants-it.com\/\",\"name\":\"Useful trading and forex widgets\",\"isPartOf\":{\"@id\":\"https:\/\/www.fxgiants-it.com\/fxg\/ko\/#website\"},\"datePublished\":\"2022-09-30T13:20:55+00:00\",\"dateModified\":\"2025-07-29T09:44:07+00:00\",\"description\":\"FXGiants\u2019 forex and trading widgets provide traders and investors with the opportunity to improve their trading and traffic.\",\"breadcrumb\":{\"@id\":\"https:\/\/www.fxgiants-it.com\/#breadcrumb\"},\"inLanguage\":\"vi\",\"potentialAction\":[{\"@type\":\"ReadAction\",\"target\":[\"https:\/\/www.fxgiants-it.com\/\"]}]},{\"@type\":\"BreadcrumbList\",\"@id\":\"https:\/\/www.fxgiants-it.com\/#breadcrumb\",\"itemListElement\":[{\"@type\":\"ListItem\",\"position\":1,\"name\":\"Home\",\"item\":\"https:\/\/www.fxgiants-it.com\/fxg\/vi\/\"},{\"@type\":\"ListItem\",\"position\":2,\"name\":\"Trading\",\"item\":\"https:\/\/www.fxgiants-it.com\/fxg\/vi\/trading\/\"},{\"@type\":\"ListItem\",\"position\":3,\"name\":\"Widgets\"}]},{\"@type\":\"WebSite\",\"@id\":\"https:\/\/www.fxgiants-it.com\/fxg\/ko\/#website\",\"url\":\"https:\/\/www.fxgiants-it.com\/fxg\/ko\/\",\"name\":\"FXGiants\",\"description\":\"\",\"publisher\":{\"@id\":\"https:\/\/www.fxgiants-it.com\/fxg\/ko\/#organization\"},\"potentialAction\":[{\"@type\":\"SearchAction\",\"target\":{\"@type\":\"EntryPoint\",\"urlTemplate\":\"https:\/\/www.fxgiants-it.com\/fxg\/ko\/?s={search_term_string}\"},\"query-input\":{\"@type\":\"PropertyValueSpecification\",\"valueRequired\":true,\"valueName\":\"search_term_string\"}}],\"inLanguage\":\"vi\"},{\"@type\":\"Organization\",\"@id\":\"https:\/\/www.fxgiants-it.com\/fxg\/ko\/#organization\",\"name\":\"FXGiants\",\"url\":\"https:\/\/www.fxgiants-it.com\/fxg\/ko\/\",\"logo\":{\"@type\":\"ImageObject\",\"inLanguage\":\"vi\",\"@id\":\"https:\/\/www.fxgiants-it.com\/fxg\/ko\/#\/schema\/logo\/image\/\",\"url\":\"\/fxg\/wp-content\/uploads\/2021\/11\/logo.svg\",\"contentUrl\":\"\/fxg\/wp-content\/uploads\/2021\/11\/logo.svg\",\"width\":134,\"height\":25,\"caption\":\"FXGiants\"},\"image\":{\"@id\":\"https:\/\/www.fxgiants-it.com\/fxg\/ko\/#\/schema\/logo\/image\/\"}}]}<\/script>\n<!-- \/ Yoast SEO Premium plugin. -->","yoast_head_json":{"title":"Nh\u1eefng widget giao d\u1ecbch v\u00e0 forex h\u1eefu d\u1ee5ng","description":"Widget forex v\u00e0 giao d\u1ecbch c\u1ee7a FXGiant mang \u0111\u1ebfn cho nh\u00e0 giao d\u1ecbch v\u00e0 nh\u00e0 \u0111\u1ea7u t\u01b0 c\u01a1 h\u1ed9i c\u1ea3i thi\u1ec7n giao d\u1ecbch v\u00e0 l\u01b0u l\u01b0\u1ee3ng truy c\u1eadp c\u1ee7a h\u1ecd.","robots":{"index":"index","follow":"follow","max-snippet":"max-snippet:-1","max-image-preview":"max-image-preview:large","max-video-preview":"max-video-preview:-1"},"canonical":"https:\/\/www.fxgiants-it.com\/fxg\/vi\/","og_locale":"vi_VN","og_type":"article","og_title":"Widgets","og_description":"FXGiants\u2019 forex and trading widgets provide traders and investors with the opportunity to improve their trading and traffic.","og_url":"\/fxg\/vi\/","og_site_name":"FXGiants","article_modified_time":"2025-07-29T09:44:07+00:00","twitter_card":"summary_large_image","twitter_misc":{"\u01af\u1edbc t\u00ednh th\u1eddi gian \u0111\u1ecdc":"3 ph\u00fat"},"schema":{"@context":"https:\/\/schema.org","@graph":[{"@type":"WebPage","@id":"\/","url":"https:\/\/www.fxgiants-it.com\/","name":"Nh\u1eefng widget giao d\u1ecbch v\u00e0 forex h\u1eefu d\u1ee5ng","isPartOf":{"@id":"https:\/\/www.fxgiants-it.com\/fxg\/ko\/#website"},"datePublished":"2022-09-30T13:20:55+00:00","dateModified":"2025-07-29T09:44:07+00:00","description":"Widget forex v\u00e0 giao d\u1ecbch c\u1ee7a FXGiant mang \u0111\u1ebfn cho nh\u00e0 giao d\u1ecbch v\u00e0 nh\u00e0 \u0111\u1ea7u t\u01b0 c\u01a1 h\u1ed9i c\u1ea3i thi\u1ec7n giao d\u1ecbch v\u00e0 l\u01b0u l\u01b0\u1ee3ng truy c\u1eadp c\u1ee7a h\u1ecd.","breadcrumb":{"@id":"https:\/\/www.fxgiants-it.com\/#breadcrumb"},"inLanguage":"vi","potentialAction":[{"@type":"ReadAction","target":["https:\/\/www.fxgiants-it.com\/"]}]},{"@type":"BreadcrumbList","@id":"https:\/\/www.fxgiants-it.com\/#breadcrumb","itemListElement":[{"@type":"ListItem","position":1,"name":"Home","item":"https:\/\/www.fxgiants-it.com\/fxg\/vi\/"},{"@type":"ListItem","position":2,"name":"Trading","item":"https:\/\/www.fxgiants-it.com\/fxg\/vi\/trading\/"},{"@type":"ListItem","position":3,"name":"Widgets"}]},{"@type":"WebSite","@id":"https:\/\/www.fxgiants-it.com\/fxg\/ko\/#website","url":"https:\/\/www.fxgiants-it.com\/fxg\/ko\/","name":"FXGiants","description":"","publisher":{"@id":"https:\/\/www.fxgiants-it.com\/fxg\/ko\/#organization"},"potentialAction":[{"@type":"SearchAction","target":{"@type":"EntryPoint","urlTemplate":"https:\/\/www.fxgiants-it.com\/fxg\/ko\/?s={search_term_string}"},"query-input":{"@type":"PropertyValueSpecification","valueRequired":true,"valueName":"search_term_string"}}],"inLanguage":"vi"},{"@type":"Organization","@id":"https:\/\/www.fxgiants-it.com\/fxg\/ko\/#organization","name":"FXGiants","url":"https:\/\/www.fxgiants-it.com\/fxg\/ko\/","logo":{"@type":"ImageObject","inLanguage":"vi","@id":"https:\/\/www.fxgiants-it.com\/fxg\/ko\/#\/schema\/logo\/image\/","url":"\/fxg\/wp-content\/uploads\/2021\/11\/logo.svg","contentUrl":"\/fxg\/wp-content\/uploads\/2021\/11\/logo.svg","width":134,"height":25,"caption":"FXGiants"},"image":{"@id":"https:\/\/www.fxgiants-it.com\/fxg\/ko\/#\/schema\/logo\/image\/"}}]}},"_links":{"self":[{"href":"https:\/\/www.fxgiants-it.com\/fxg\/vi\/wp-json\/wp\/v2\/pages\/20474","targetHints":{"allow":["GET"]}}],"collection":[{"href":"https:\/\/www.fxgiants-it.com\/fxg\/vi\/wp-json\/wp\/v2\/pages"}],"about":[{"href":"https:\/\/www.fxgiants-it.com\/fxg\/vi\/wp-json\/wp\/v2\/types\/page"}],"author":[{"embeddable":true,"href":"https:\/\/www.fxgiants-it.com\/fxg\/vi\/wp-json\/wp\/v2\/users\/1"}],"replies":[{"embeddable":true,"href":"https:\/\/www.fxgiants-it.com\/fxg\/vi\/wp-json\/wp\/v2\/comments?post=20474"}],"version-history":[{"count":10,"href":"https:\/\/www.fxgiants-it.com\/fxg\/vi\/wp-json\/wp\/v2\/pages\/20474\/revisions"}],"predecessor-version":[{"id":26284,"href":"https:\/\/www.fxgiants-it.com\/fxg\/vi\/wp-json\/wp\/v2\/pages\/20474\/revisions\/26284"}],"up":[{"embeddable":true,"href":"https:\/\/www.fxgiants-it.com\/fxg\/vi\/wp-json\/wp\/v2\/pages\/946"}],"wp:attachment":[{"href":"https:\/\/www.fxgiants-it.com\/fxg\/vi\/wp-json\/wp\/v2\/media?parent=20474"}],"curies":[{"name":"wp","href":"https:\/\/api.w.org\/{rel}","templated":true}]}}