{"id":20474,"date":"2022-09-30T13:20:55","date_gmt":"2022-09-30T13:20:55","guid":{"rendered":"https:\/\/fxgiants-com.wp-dev.int.theitops.net\/fxg\/?page_id=20474"},"modified":"2025-07-29T12:44:07","modified_gmt":"2025-07-29T09:44:07","slug":"widgets","status":"publish","type":"page","link":"https:\/\/www.fxgiants-it.com\/fxg\/tr\/trading\/widgets\/","title":{"rendered":"Widgetler"},"content":{"rendered":"<div data-elementor-type=\"wp-page\" data-elementor-id=\"20474\" class=\"elementor elementor-20474\" data-elementor-post-type=\"page\">\n\t\t\t\t\t\t<section class=\"elementor-section elementor-top-section elementor-element elementor-element-2e8e9977 elementor-section-boxed elementor-section-height-default elementor-section-height-default\" data-id=\"2e8e9977\" data-element_type=\"section\">\n\t\t\t\t\t\t<div class=\"elementor-container elementor-column-gap-default\">\n\t\t\t\t\t<div class=\"elementor-column elementor-col-100 elementor-top-column elementor-element elementor-element-28557bad\" data-id=\"28557bad\" data-element_type=\"column\">\n\t\t\t<div class=\"elementor-widget-wrap elementor-element-populated\">\n\t\t\t\t\t\t<div class=\"elementor-element elementor-element-4669ce40 elementor-widget elementor-widget-heading\" data-id=\"4669ce40\" data-element_type=\"widget\" data-widget_type=\"heading.default\">\n\t\t\t\t<div class=\"elementor-widget-container\">\n\t\t\t\t\t<h2 class=\"elementor-heading-title elementor-size-default\">Forex Widgetler<\/h2>\t\t\t\t<\/div>\n\t\t\t\t<\/div>\n\t\t\t\t\t<\/div>\n\t\t<\/div>\n\t\t\t\t\t<\/div>\n\t\t<\/section>\n\t\t\t\t<section class=\"elementor-section elementor-top-section elementor-element elementor-element-668bb193 elementor-section-boxed elementor-section-height-default elementor-section-height-default\" data-id=\"668bb193\" data-element_type=\"section\">\n\t\t\t\t\t\t<div class=\"elementor-container elementor-column-gap-default\">\n\t\t\t\t\t<div class=\"elementor-column elementor-col-100 elementor-top-column elementor-element elementor-element-2291f9b9\" data-id=\"2291f9b9\" data-element_type=\"column\">\n\t\t\t<div class=\"elementor-widget-wrap elementor-element-populated\">\n\t\t\t\t\t\t<div class=\"elementor-element elementor-element-1efd6da3 elementor-widget__width-initial elementor-widget elementor-widget-text-editor\" data-id=\"1efd6da3\" data-element_type=\"widget\" data-widget_type=\"text-editor.default\">\n\t\t\t\t<div class=\"elementor-widget-container\">\n\t\t\t\t\t\t\t\t\t<p>\u0130ster bir yat\u0131r\u0131mc\u0131 olun ister bir yat\u0131r\u0131m internet siteniz olsun, forex widgetlerimiz yat\u0131r\u0131mc\u0131lar taraf\u0131ndan g\u00fcnl\u00fck yat\u0131r\u0131m ihtiya\u00e7lar\u0131nda kolayca kullan\u0131labilecek etkili bir ara\u00e7t\u0131r. Forex widgetler\u0131m\u0131z ustal\u0131kla tasarlanm\u0131\u015ft\u0131r ve herhangi bir internet sitesine etkili bir \u015fekilde eklenebilir. FXGiants, para birimi d\u00f6n\u00fc\u015ft\u00fcr\u00fcc\u00fc ve pip, marj ve k\u00e2r hesaplay\u0131c\u0131lar\u0131 dahil olmak \u00fczere bir dizi widget sunar.<\/p>\t\t\t\t\t\t\t\t<\/div>\n\t\t\t\t<\/div>\n\t\t\t\t<div class=\"elementor-element elementor-element-77eac371 elementor-align-center button-angled-holder elementor-widget elementor-widget-button\" data-id=\"77eac371\" data-element_type=\"widget\" data-settings=\"{&quot;_animation&quot;:&quot;none&quot;}\" data-widget_type=\"button.default\">\n\t\t\t\t<div class=\"elementor-widget-container\">\n\t\t\t\t\t\t\t\t\t<div class=\"elementor-button-wrapper\">\n\t\t\t\t\t<a class=\"elementor-button elementor-button-link elementor-size-xl\" href=\"https:\/\/nep.fxgiants.com\/tr\/registration\">\n\t\t\t\t\t\t<span class=\"elementor-button-content-wrapper\">\n\t\t\t\t\t\t\t\t\t<span class=\"elementor-button-text\">Hesap A\u00e7<\/span>\n\t\t\t\t\t<\/span>\n\t\t\t\t\t<\/a>\n\t\t\t\t<\/div>\n\t\t\t\t\t\t\t\t<\/div>\n\t\t\t\t<\/div>\n\t\t\t\t<div class=\"elementor-element elementor-element-10e04f9a elementor-widget elementor-widget-heading\" data-id=\"10e04f9a\" data-element_type=\"widget\" data-widget_type=\"heading.default\">\n\t\t\t\t<div class=\"elementor-widget-container\">\n\t\t\t\t\t<div class=\"elementor-heading-title elementor-size-default translation-block\">Her t\u00fcrl\u00fc yat\u0131r\u0131m risk i\u00e7erir. <br>T\u00fcm sermayenizi kaybetmeniz m\u00fcmk\u00fcnd\u00fcr.<\/div>\t\t\t\t<\/div>\n\t\t\t\t<\/div>\n\t\t\t\t<div class=\"elementor-element elementor-element-af62f7f elementor-widget elementor-widget-trading-widgets\" data-id=\"af62f7f\" data-element_type=\"widget\" data-widget_type=\"trading-widgets.default\">\n\t\t\t\t<div class=\"elementor-widget-container\">\n\t\t\t\t\t<link rel=\"stylesheet\" href=\"\/fxg\/wp-content\/plugins\/cool-widgets\/assets\/assets\/trading-widgets.5d7da681.css\">\n<link rel=\"stylesheet\" href=\"\/fxg\/wp-content\/plugins\/cool-widgets\/assets\/assets\/widgets.5495483d.css\"><script type=\"module\" crossorigin=\"anonymous\" src=\"\/fxg\/wp-content\/plugins\/cool-widgets\/assets\/assets\/trading-widgets.6d51c55b.js\"><\/script><div id=\"trading-widgets\" data-base-url=\"https:\/\/www.fxgiants-it.com\/fxg\" data-lang=\"tr\" data-api=\"https:\/\/api.fxgiants.com\/prices\"><\/div>\t\t\t\t<\/div>\n\t\t\t\t<\/div>\n\t\t\t\t<div class=\"elementor-element elementor-element-5a93d853 elementor-widget elementor-widget-heading\" data-id=\"5a93d853\" data-element_type=\"widget\" data-widget_type=\"heading.default\">\n\t\t\t\t<div class=\"elementor-widget-container\">\n\t\t\t\t\t<h2 class=\"elementor-heading-title elementor-size-default\">Forex Widgetlerimiz nas\u0131l \u00e7al\u0131\u015f\u0131r?<\/h2>\t\t\t\t<\/div>\n\t\t\t\t<\/div>\n\t\t\t\t\t<\/div>\n\t\t<\/div>\n\t\t\t\t\t<\/div>\n\t\t<\/section>\n\t\t\t\t<section class=\"elementor-section elementor-top-section elementor-element elementor-element-34b9e0bd elementor-section-boxed elementor-section-height-default elementor-section-height-default\" data-id=\"34b9e0bd\" data-element_type=\"section\">\n\t\t\t\t\t\t<div class=\"elementor-container elementor-column-gap-default\">\n\t\t\t\t\t<div class=\"elementor-column elementor-col-50 elementor-top-column elementor-element elementor-element-46f18bca\" data-id=\"46f18bca\" data-element_type=\"column\">\n\t\t\t<div class=\"elementor-widget-wrap elementor-element-populated\">\n\t\t\t\t\t\t<div class=\"elementor-element elementor-element-475eed2f elementor-position-top elementor-widget elementor-widget-image-box\" data-id=\"475eed2f\" data-element_type=\"widget\" data-widget_type=\"image-box.default\">\n\t\t\t\t<div class=\"elementor-widget-container\">\n\t\t\t\t\t<div class=\"elementor-image-box-wrapper\"><figure class=\"elementor-image-box-img\"><img decoding=\"async\" width=\"76\" height=\"76\" src=\"\/fxg\/wp-content\/uploads\/2022\/09\/pip-calculator.svg\" class=\"attachment-full size-full wp-image-20484\" alt=\"\" \/><\/figure><div class=\"elementor-image-box-content\"><h3 class=\"elementor-image-box-title\">Pip Hesaplay\u0131c\u0131<\/h3><p class=\"elementor-image-box-description\">Yat\u0131r\u0131m hesab\u0131n\u0131z\u0131n para birimindeki pip de\u011ferini hesaplay\u0131n ve i\u015flem ba\u015f\u0131na riskinizi y\u00f6netin. Hesap para biriminizi, d\u00f6viz \u00e7iftinizi, pozisyon b\u00fcy\u00fckl\u00fc\u011f\u00fcn\u00fcz\u00fc se\u00e7in ve ard\u0131ndan \"Hesapla \" se\u00e7ene\u011fine t\u0131klay\u0131n.<\/p><\/div><\/div>\t\t\t\t<\/div>\n\t\t\t\t<\/div>\n\t\t\t\t\t<\/div>\n\t\t<\/div>\n\t\t\t\t<div class=\"elementor-column elementor-col-50 elementor-top-column elementor-element elementor-element-179ebd9b\" data-id=\"179ebd9b\" data-element_type=\"column\">\n\t\t\t<div class=\"elementor-widget-wrap elementor-element-populated\">\n\t\t\t\t\t\t<div class=\"elementor-element elementor-element-4d979474 elementor-position-top elementor-widget elementor-widget-image-box\" data-id=\"4d979474\" data-element_type=\"widget\" data-widget_type=\"image-box.default\">\n\t\t\t\t<div class=\"elementor-widget-container\">\n\t\t\t\t\t<div class=\"elementor-image-box-wrapper\"><figure class=\"elementor-image-box-img\"><img decoding=\"async\" width=\"76\" height=\"76\" src=\"\/fxg\/wp-content\/uploads\/2022\/09\/margin-calculator.svg\" class=\"attachment-full size-full wp-image-20485\" alt=\"\" \/><\/figure><div class=\"elementor-image-box-content\"><h3 class=\"elementor-image-box-title\">Marj Hesaplay\u0131c\u0131<\/h3><p class=\"elementor-image-box-description\">Bir pozisyon a\u00e7mak ve tutmak i\u00e7in gerekli marj\u0131 hesaplay\u0131n. Hesap para biriminizi, d\u00f6viz \u00e7iftinizi, kald\u0131rac\u0131n\u0131z\u0131, i\u015fleminizin boyutunu se\u00e7in ve ard\u0131ndan \"Hesapla\" se\u00e7ene\u011fine t\u0131klay\u0131n.<\/p><\/div><\/div>\t\t\t\t<\/div>\n\t\t\t\t<\/div>\n\t\t\t\t\t<\/div>\n\t\t<\/div>\n\t\t\t\t\t<\/div>\n\t\t<\/section>\n\t\t\t\t<section class=\"elementor-section elementor-top-section elementor-element elementor-element-10dc87a6 elementor-section-boxed elementor-section-height-default elementor-section-height-default\" data-id=\"10dc87a6\" data-element_type=\"section\">\n\t\t\t\t\t\t<div class=\"elementor-container elementor-column-gap-default\">\n\t\t\t\t\t<div class=\"elementor-column elementor-col-50 elementor-top-column elementor-element elementor-element-404454e3\" data-id=\"404454e3\" data-element_type=\"column\">\n\t\t\t<div class=\"elementor-widget-wrap elementor-element-populated\">\n\t\t\t\t\t\t<div class=\"elementor-element elementor-element-6227a55b elementor-position-top elementor-widget elementor-widget-image-box\" data-id=\"6227a55b\" data-element_type=\"widget\" data-widget_type=\"image-box.default\">\n\t\t\t\t<div class=\"elementor-widget-container\">\n\t\t\t\t\t<div class=\"elementor-image-box-wrapper\"><figure class=\"elementor-image-box-img\"><img decoding=\"async\" width=\"76\" height=\"76\" src=\"\/fxg\/wp-content\/uploads\/2022\/09\/profit-calculator.svg\" class=\"attachment-full size-full wp-image-20486\" alt=\"\" \/><\/figure><div class=\"elementor-image-box-content\"><h3 class=\"elementor-image-box-title\">K\u00e2r Hesaplay\u0131c\u0131<\/h3><p class=\"elementor-image-box-description\">Her i\u015flemin sonucunu kolayca hesaplay\u0131n. D\u00f6viz \u00e7iftinizi, sat\u0131n almak veya satmak istedi\u011finizi, a\u00e7\u0131l\u0131\u015f ve kapan\u0131\u015f fiyatlar\u0131n\u0131z\u0131, i\u015flem b\u00fcy\u00fckl\u00fc\u011f\u00fcn\u00fc ve yat\u0131r\u0131lacak para birimini se\u00e7in. Son olarak, \"Hesapla \" se\u00e7ene\u011fine t\u0131klay\u0131n.<\/p><\/div><\/div>\t\t\t\t<\/div>\n\t\t\t\t<\/div>\n\t\t\t\t\t<\/div>\n\t\t<\/div>\n\t\t\t\t<div class=\"elementor-column elementor-col-50 elementor-top-column elementor-element elementor-element-af447c\" data-id=\"af447c\" data-element_type=\"column\">\n\t\t\t<div class=\"elementor-widget-wrap elementor-element-populated\">\n\t\t\t\t\t\t<div class=\"elementor-element elementor-element-7cf4bd07 elementor-position-top elementor-widget elementor-widget-image-box\" data-id=\"7cf4bd07\" data-element_type=\"widget\" data-widget_type=\"image-box.default\">\n\t\t\t\t<div class=\"elementor-widget-container\">\n\t\t\t\t\t<div class=\"elementor-image-box-wrapper\"><figure class=\"elementor-image-box-img\"><img loading=\"lazy\" decoding=\"async\" width=\"76\" height=\"76\" src=\"\/fxg\/wp-content\/uploads\/2022\/09\/currency-converter.svg\" class=\"attachment-full size-full wp-image-20487\" alt=\"\" \/><\/figure><div class=\"elementor-image-box-content\"><h3 class=\"elementor-image-box-title\">Para Birimi D\u00f6n\u00fc\u015ft\u00fcr\u00fcc\u00fc<\/h3><p class=\"elementor-image-box-description\">Ba\u015fl\u0131ca para birimlerini h\u0131zl\u0131ca d\u00f6n\u00fc\u015ft\u00fcr\u00fcn. Para biriminizi ve d\u00f6n\u00fc\u015ft\u00fcrmek istedi\u011finiz para birimini se\u00e7in, tutar\u0131 girin ve ard\u0131ndan \"Hesapla \" se\u00e7ene\u011fine t\u0131klay\u0131n.<\/p><\/div><\/div>\t\t\t\t<\/div>\n\t\t\t\t<\/div>\n\t\t\t\t\t<\/div>\n\t\t<\/div>\n\t\t\t\t\t<\/div>\n\t\t<\/section>\n\t\t\t\t<section class=\"elementor-section elementor-top-section elementor-element elementor-element-31c4029c elementor-section-boxed elementor-section-height-default elementor-section-height-default\" data-id=\"31c4029c\" data-element_type=\"section\" data-settings=\"{&quot;background_background&quot;:&quot;classic&quot;}\">\n\t\t\t\t\t\t<div class=\"elementor-container elementor-column-gap-no\">\n\t\t\t\t\t<div class=\"elementor-column elementor-col-100 elementor-top-column elementor-element elementor-element-277cc5ae\" data-id=\"277cc5ae\" data-element_type=\"column\" data-settings=\"{&quot;background_background&quot;:&quot;classic&quot;}\">\n\t\t\t<div class=\"elementor-widget-wrap elementor-element-populated\">\n\t\t\t\t\t\t<section class=\"elementor-section elementor-inner-section elementor-element elementor-element-2d823b16 elementor-section-boxed elementor-section-height-default elementor-section-height-default\" data-id=\"2d823b16\" data-element_type=\"section\">\n\t\t\t\t\t\t<div class=\"elementor-container elementor-column-gap-no\">\n\t\t\t\t\t<div class=\"elementor-column elementor-col-50 elementor-inner-column elementor-element elementor-element-68fa341b\" data-id=\"68fa341b\" data-element_type=\"column\">\n\t\t\t<div class=\"elementor-widget-wrap elementor-element-populated\">\n\t\t\t\t\t\t<div class=\"elementor-element elementor-element-51f96235 elementor-widget elementor-widget-heading\" data-id=\"51f96235\" data-element_type=\"widget\" data-widget_type=\"heading.default\">\n\t\t\t\t<div class=\"elementor-widget-container\">\n\t\t\t\t\t<h2 class=\"elementor-heading-title elementor-size-default\">FXGiants size avantajl\u0131 fiyatlar ve piyasa h\u0131zl\u0131 i\u015flem ger\u00e7ekle\u015ftirme imkan\u0131 sunmaktad\u0131r.<\/h2>\t\t\t\t<\/div>\n\t\t\t\t<\/div>\n\t\t\t\t<div class=\"elementor-element elementor-element-19b6e42f elementor-widget elementor-widget-heading\" data-id=\"19b6e42f\" data-element_type=\"widget\" data-widget_type=\"heading.default\">\n\t\t\t\t<div class=\"elementor-widget-container\">\n\t\t\t\t\t<h2 class=\"elementor-heading-title elementor-size-default\">Bug\u00fcn g\u00fc\u00e7l\u00fc bir broker ile i\u015flem yapmaya ba\u015flay\u0131n.<\/h2>\t\t\t\t<\/div>\n\t\t\t\t<\/div>\n\t\t\t\t<div class=\"elementor-element elementor-element-342fa848 elementor-align-center button-angled-holder elementor-widget elementor-widget-button\" data-id=\"342fa848\" data-element_type=\"widget\" data-settings=\"{&quot;_animation&quot;:&quot;none&quot;}\" data-widget_type=\"button.default\">\n\t\t\t\t<div class=\"elementor-widget-container\">\n\t\t\t\t\t\t\t\t\t<div class=\"elementor-button-wrapper\">\n\t\t\t\t\t<a class=\"elementor-button elementor-button-link elementor-size-sm\" href=\"https:\/\/nep.fxgiants.com\/tr\/registration\">\n\t\t\t\t\t\t<span class=\"elementor-button-content-wrapper\">\n\t\t\t\t\t\t\t\t\t<span class=\"elementor-button-text\">Hesap A\u00e7<\/span>\n\t\t\t\t\t<\/span>\n\t\t\t\t\t<\/a>\n\t\t\t\t<\/div>\n\t\t\t\t\t\t\t\t<\/div>\n\t\t\t\t<\/div>\n\t\t\t\t<div class=\"elementor-element elementor-element-1f6f744 elementor-widget elementor-widget-text-editor\" data-id=\"1f6f744\" data-element_type=\"widget\" data-widget_type=\"text-editor.default\">\n\t\t\t\t<div class=\"elementor-widget-container\">\n\t\t\t\t\t\t\t\t\t<p>Veya <a href=\"https:\/\/nep.fxgiants.com\/tr\/register?flowkey=demo\">Demo hesab\u0131m\u0131z\u0131 deneyin<\/a><\/p>\t\t\t\t\t\t\t\t<\/div>\n\t\t\t\t<\/div>\n\t\t\t\t<div class=\"elementor-element elementor-element-4b2cfa67 elementor-widget elementor-widget-text-editor\" data-id=\"4b2cfa67\" data-element_type=\"widget\" data-widget_type=\"text-editor.default\">\n\t\t\t\t<div class=\"elementor-widget-container\">\n\t\t\t\t\t\t\t\t\t<p class=\"translation-block\">Her t\u00fcrl\u00fc yat\u0131r\u0131m risk i\u00e7erir. <br>T\u00fcm sermayenizi kaybetmeniz m\u00fcmk\u00fcnd\u00fcr.<\/p>\t\t\t\t\t\t\t\t<\/div>\n\t\t\t\t<\/div>\n\t\t\t\t\t<\/div>\n\t\t<\/div>\n\t\t\t\t<div class=\"elementor-column elementor-col-50 elementor-inner-column elementor-element elementor-element-7fe4254d\" data-id=\"7fe4254d\" data-element_type=\"column\">\n\t\t\t<div class=\"elementor-widget-wrap elementor-element-populated\">\n\t\t\t\t\t\t<div class=\"elementor-element elementor-element-247bd3e3 elementor-widget elementor-widget-image\" data-id=\"247bd3e3\" data-element_type=\"widget\" data-widget_type=\"image.default\">\n\t\t\t\t<div class=\"elementor-widget-container\">\n\t\t\t\t\t\t\t\t\t\t\t\t\t\t\t<img loading=\"lazy\" decoding=\"async\" width=\"800\" height=\"508\" src=\"\/fxg\/wp-content\/uploads\/2024\/09\/markets-trading-broker-laptop.png\" class=\"attachment-large size-large wp-image-24525\" alt=\"\" \/>\t\t\t\t\t\t\t\t\t\t\t\t\t\t\t<\/div>\n\t\t\t\t<\/div>\n\t\t\t\t\t<\/div>\n\t\t<\/div>\n\t\t\t\t\t<\/div>\n\t\t<\/section>\n\t\t\t\t\t<\/div>\n\t\t<\/div>\n\t\t\t\t\t<\/div>\n\t\t<\/section>\n\t\t\t\t<\/div>","protected":false},"excerpt":{"rendered":"<p>Forex Widgets Whether you are a trader or have a trading website, our [&hellip;]<\/p>","protected":false},"author":1,"featured_media":0,"parent":946,"menu_order":0,"comment_status":"closed","ping_status":"closed","template":"elementor_header_footer","meta":{"_acf_changed":false,"footnotes":""},"class_list":["post-20474","page","type-page","status-publish","hentry"],"acf":[],"yoast_head":"<!-- This site is optimized with the Yoast SEO Premium plugin v26.2 (Yoast SEO v26.2) - https:\/\/yoast.com\/wordpress\/plugins\/seo\/ -->\n<title>Useful trading and forex widgets<\/title>\n<meta name=\"description\" content=\"FXGiants\u2019 forex and trading widgets provide traders and investors with the opportunity to improve their trading and traffic.\" \/>\n<meta name=\"robots\" content=\"index, follow, max-snippet:-1, max-image-preview:large, max-video-preview:-1\" \/>\n<link rel=\"canonical\" href=\"https:\/\/www.fxgiants-it.com\/fxg\/tr\/\" \/>\n<meta property=\"og:locale\" content=\"tr_TR\" \/>\n<meta property=\"og:type\" content=\"article\" \/>\n<meta property=\"og:title\" content=\"Widgets\" \/>\n<meta property=\"og:description\" content=\"FXGiants\u2019 forex and trading widgets provide traders and investors with the opportunity to improve their trading and traffic.\" \/>\n<meta property=\"og:url\" content=\"\/fxg\/tr\/\" \/>\n<meta property=\"og:site_name\" content=\"FXGiants\" \/>\n<meta property=\"article:modified_time\" content=\"2025-07-29T09:44:07+00:00\" \/>\n<meta name=\"twitter:card\" content=\"summary_large_image\" \/>\n<meta name=\"twitter:label1\" content=\"Tahmini okuma s\u00fcresi\" \/>\n\t<meta name=\"twitter:data1\" content=\"3 dakika\" \/>\n<script type=\"application\/ld+json\" class=\"yoast-schema-graph\">{\"@context\":\"https:\/\/schema.org\",\"@graph\":[{\"@type\":\"WebPage\",\"@id\":\"\/\",\"url\":\"https:\/\/www.fxgiants-it.com\/\",\"name\":\"Useful trading and forex widgets\",\"isPartOf\":{\"@id\":\"https:\/\/www.fxgiants-it.com\/fxg\/tr\/#website\"},\"datePublished\":\"2022-09-30T13:20:55+00:00\",\"dateModified\":\"2025-07-29T09:44:07+00:00\",\"description\":\"FXGiants\u2019 forex and trading widgets provide traders and investors with the opportunity to improve their trading and traffic.\",\"breadcrumb\":{\"@id\":\"https:\/\/www.fxgiants-it.com\/#breadcrumb\"},\"inLanguage\":\"tr\",\"potentialAction\":[{\"@type\":\"ReadAction\",\"target\":[\"https:\/\/www.fxgiants-it.com\/\"]}]},{\"@type\":\"BreadcrumbList\",\"@id\":\"https:\/\/www.fxgiants-it.com\/#breadcrumb\",\"itemListElement\":[{\"@type\":\"ListItem\",\"position\":1,\"name\":\"Home\",\"item\":\"https:\/\/www.fxgiants-it.com\/fxg\/tr\/\"},{\"@type\":\"ListItem\",\"position\":2,\"name\":\"Trading\",\"item\":\"https:\/\/www.fxgiants-it.com\/fxg\/tr\/trading\/\"},{\"@type\":\"ListItem\",\"position\":3,\"name\":\"Widgets\"}]},{\"@type\":\"WebSite\",\"@id\":\"https:\/\/www.fxgiants-it.com\/fxg\/tr\/#website\",\"url\":\"https:\/\/www.fxgiants-it.com\/fxg\/tr\/\",\"name\":\"FXGiants\",\"description\":\"\",\"publisher\":{\"@id\":\"https:\/\/www.fxgiants-it.com\/fxg\/tr\/#organization\"},\"potentialAction\":[{\"@type\":\"SearchAction\",\"target\":{\"@type\":\"EntryPoint\",\"urlTemplate\":\"https:\/\/www.fxgiants-it.com\/fxg\/tr\/?s={search_term_string}\"},\"query-input\":{\"@type\":\"PropertyValueSpecification\",\"valueRequired\":true,\"valueName\":\"search_term_string\"}}],\"inLanguage\":\"tr\"},{\"@type\":\"Organization\",\"@id\":\"https:\/\/www.fxgiants-it.com\/fxg\/tr\/#organization\",\"name\":\"FXGiants\",\"url\":\"https:\/\/www.fxgiants-it.com\/fxg\/tr\/\",\"logo\":{\"@type\":\"ImageObject\",\"inLanguage\":\"tr\",\"@id\":\"https:\/\/www.fxgiants-it.com\/fxg\/tr\/#\/schema\/logo\/image\/\",\"url\":\"\/fxg\/wp-content\/uploads\/2021\/11\/logo.svg\",\"contentUrl\":\"\/fxg\/wp-content\/uploads\/2021\/11\/logo.svg\",\"width\":134,\"height\":25,\"caption\":\"FXGiants\"},\"image\":{\"@id\":\"https:\/\/www.fxgiants-it.com\/fxg\/tr\/#\/schema\/logo\/image\/\"}}]}<\/script>\n<!-- \/ Yoast SEO Premium plugin. -->","yoast_head_json":{"title":"Faydal\u0131 ticaret ve forex ara\u00e7lar\u0131","description":"FXGiants\u2019 forex and trading widgets provide traders and investors with the opportunity to improve their trading and traffic.","robots":{"index":"index","follow":"follow","max-snippet":"max-snippet:-1","max-image-preview":"max-image-preview:large","max-video-preview":"max-video-preview:-1"},"canonical":"https:\/\/www.fxgiants-it.com\/fxg\/tr\/","og_locale":"tr_TR","og_type":"article","og_title":"Widgets","og_description":"FXGiants\u2019 forex and trading widgets provide traders and investors with the opportunity to improve their trading and traffic.","og_url":"\/fxg\/tr\/","og_site_name":"FXGiants","article_modified_time":"2025-07-29T09:44:07+00:00","twitter_card":"summary_large_image","twitter_misc":{"Tahmini okuma s\u00fcresi":"3 dakika"},"schema":{"@context":"https:\/\/schema.org","@graph":[{"@type":"WebPage","@id":"\/","url":"https:\/\/www.fxgiants-it.com\/","name":"Faydal\u0131 ticaret ve forex ara\u00e7lar\u0131","isPartOf":{"@id":"https:\/\/www.fxgiants-it.com\/fxg\/tr\/#website"},"datePublished":"2022-09-30T13:20:55+00:00","dateModified":"2025-07-29T09:44:07+00:00","description":"FXGiants\u2019 forex and trading widgets provide traders and investors with the opportunity to improve their trading and traffic.","breadcrumb":{"@id":"https:\/\/www.fxgiants-it.com\/#breadcrumb"},"inLanguage":"tr","potentialAction":[{"@type":"ReadAction","target":["https:\/\/www.fxgiants-it.com\/"]}]},{"@type":"BreadcrumbList","@id":"https:\/\/www.fxgiants-it.com\/#breadcrumb","itemListElement":[{"@type":"ListItem","position":1,"name":"Home","item":"https:\/\/www.fxgiants-it.com\/fxg\/tr\/"},{"@type":"ListItem","position":2,"name":"Trading","item":"https:\/\/www.fxgiants-it.com\/fxg\/tr\/trading\/"},{"@type":"ListItem","position":3,"name":"Widgets"}]},{"@type":"WebSite","@id":"https:\/\/www.fxgiants-it.com\/fxg\/tr\/#website","url":"https:\/\/www.fxgiants-it.com\/fxg\/tr\/","name":"FXGiants","description":"","publisher":{"@id":"https:\/\/www.fxgiants-it.com\/fxg\/tr\/#organization"},"potentialAction":[{"@type":"SearchAction","target":{"@type":"EntryPoint","urlTemplate":"https:\/\/www.fxgiants-it.com\/fxg\/tr\/?s={search_term_string}"},"query-input":{"@type":"PropertyValueSpecification","valueRequired":true,"valueName":"search_term_string"}}],"inLanguage":"tr"},{"@type":"Organization","@id":"https:\/\/www.fxgiants-it.com\/fxg\/tr\/#organization","name":"FXGiants","url":"https:\/\/www.fxgiants-it.com\/fxg\/tr\/","logo":{"@type":"ImageObject","inLanguage":"tr","@id":"https:\/\/www.fxgiants-it.com\/fxg\/tr\/#\/schema\/logo\/image\/","url":"\/fxg\/wp-content\/uploads\/2021\/11\/logo.svg","contentUrl":"\/fxg\/wp-content\/uploads\/2021\/11\/logo.svg","width":134,"height":25,"caption":"FXGiants"},"image":{"@id":"https:\/\/www.fxgiants-it.com\/fxg\/tr\/#\/schema\/logo\/image\/"}}]}},"_links":{"self":[{"href":"https:\/\/www.fxgiants-it.com\/fxg\/tr\/wp-json\/wp\/v2\/pages\/20474","targetHints":{"allow":["GET"]}}],"collection":[{"href":"https:\/\/www.fxgiants-it.com\/fxg\/tr\/wp-json\/wp\/v2\/pages"}],"about":[{"href":"https:\/\/www.fxgiants-it.com\/fxg\/tr\/wp-json\/wp\/v2\/types\/page"}],"author":[{"embeddable":true,"href":"https:\/\/www.fxgiants-it.com\/fxg\/tr\/wp-json\/wp\/v2\/users\/1"}],"replies":[{"embeddable":true,"href":"https:\/\/www.fxgiants-it.com\/fxg\/tr\/wp-json\/wp\/v2\/comments?post=20474"}],"version-history":[{"count":10,"href":"https:\/\/www.fxgiants-it.com\/fxg\/tr\/wp-json\/wp\/v2\/pages\/20474\/revisions"}],"predecessor-version":[{"id":26284,"href":"https:\/\/www.fxgiants-it.com\/fxg\/tr\/wp-json\/wp\/v2\/pages\/20474\/revisions\/26284"}],"up":[{"embeddable":true,"href":"https:\/\/www.fxgiants-it.com\/fxg\/tr\/wp-json\/wp\/v2\/pages\/946"}],"wp:attachment":[{"href":"https:\/\/www.fxgiants-it.com\/fxg\/tr\/wp-json\/wp\/v2\/media?parent=20474"}],"curies":[{"name":"wp","href":"https:\/\/api.w.org\/{rel}","templated":true}]}}