{"id":9771,"date":"2022-03-16T22:34:29","date_gmt":"2022-03-16T22:34:29","guid":{"rendered":"https:\/\/fxgiants-com.wp-dev.int.theitops.net\/fxg\/?page_id=9771"},"modified":"2025-10-17T16:40:34","modified_gmt":"2025-10-17T13:40:34","slug":"vps-hosting","status":"publish","type":"page","link":"https:\/\/www.fxgiants-it.com\/fxg\/pt\/platforms\/vps-hosting\/","title":{"rendered":"VPS Hosting"},"content":{"rendered":"<div data-elementor-type=\"wp-page\" data-elementor-id=\"9771\" class=\"elementor elementor-9771\" data-elementor-post-type=\"page\">\n\t\t\t\t\t\t<section class=\"elementor-section elementor-top-section elementor-element elementor-element-81e081d elementor-section-boxed elementor-section-height-default elementor-section-height-default\" data-id=\"81e081d\" data-element_type=\"section\">\n\t\t\t\t\t\t<div class=\"elementor-container elementor-column-gap-default\">\n\t\t\t\t\t<div class=\"elementor-column elementor-col-100 elementor-top-column elementor-element elementor-element-738d1b8\" data-id=\"738d1b8\" data-element_type=\"column\">\n\t\t\t<div class=\"elementor-widget-wrap elementor-element-populated\">\n\t\t\t\t\t\t<div class=\"elementor-element elementor-element-bfe8ba9 elementor-widget elementor-widget-heading\" data-id=\"bfe8ba9\" data-element_type=\"widget\" data-widget_type=\"heading.default\">\n\t\t\t\t<div class=\"elementor-widget-container\">\n\t\t\t\t\t<h1 class=\"elementor-heading-title elementor-size-default\">MT4 VPS<\/h1>\t\t\t\t<\/div>\n\t\t\t\t<\/div>\n\t\t\t\t<div class=\"elementor-element elementor-element-0dd8458 elementor-widget elementor-widget-heading\" data-id=\"0dd8458\" data-element_type=\"widget\" data-widget_type=\"heading.default\">\n\t\t\t\t<div class=\"elementor-widget-container\">\n\t\t\t\t\t<div class=\"elementor-heading-title elementor-size-default\">Ligue a sua conta de negocia\u00e7\u00e3o ao FXGiants Free MT4 VPS (Virtual Private Server) e tire o m\u00e1ximo partido do trading.  Aceda \u00e0 sua conta de trading em qualquer lugar, a qualquer momento, elimine o tempo de inatividade e imprima velocidade \u00e0s suas transa\u00e7\u00f5es.<\/div>\t\t\t\t<\/div>\n\t\t\t\t<\/div>\n\t\t\t\t\t<\/div>\n\t\t<\/div>\n\t\t\t\t\t<\/div>\n\t\t<\/section>\n\t\t\t\t<section class=\"elementor-section elementor-top-section elementor-element elementor-element-86ad698 elementor-section-boxed elementor-section-height-default elementor-section-height-default\" data-id=\"86ad698\" data-element_type=\"section\">\n\t\t\t\t\t\t<div class=\"elementor-container elementor-column-gap-no\">\n\t\t\t\t\t<div class=\"elementor-column elementor-col-50 elementor-top-column elementor-element elementor-element-43ffa62\" data-id=\"43ffa62\" data-element_type=\"column\">\n\t\t\t<div class=\"elementor-widget-wrap elementor-element-populated\">\n\t\t\t\t\t\t<div class=\"elementor-element elementor-element-60777a6 elementor-widget elementor-widget-heading\" data-id=\"60777a6\" data-element_type=\"widget\" data-widget_type=\"heading.default\">\n\t\t\t\t<div class=\"elementor-widget-container\">\n\t\t\t\t\t<h2 class=\"elementor-heading-title elementor-size-default\">Execu\u00e7\u00e3o de trading r\u00e1pida<\/h2>\t\t\t\t<\/div>\n\t\t\t\t<\/div>\n\t\t\t\t<div class=\"elementor-element elementor-element-e095d28 elementor-widget elementor-widget-text-editor\" data-id=\"e095d28\" data-element_type=\"widget\" data-widget_type=\"text-editor.default\">\n\t\t\t\t<div class=\"elementor-widget-container\">\n\t\t\t\t\t\t\t\t\t<div class=\"text\">Melhore o seu trading atrav\u00e9s da plataforma MT4 VPS gratuita da FXGiants ligando-se a um terminal remoto pr\u00f3ximo de um servidor de negocia\u00e7\u00e3o. Desfrute da mesma execu\u00e7\u00e3o r\u00e1pida como se estivesse a negociar a partir do seu PC de casa, eliminando as preocupa\u00e7\u00f5es extra de fatores que podem afetar a sua efici\u00eancia comercial, tais como fraca conectividade \u00e0 Internet, cortes de energia ou falha inform\u00e1tica. FXGiants VPS \u00e9 uma solu\u00e7\u00e3o perfeita para qualquer trader ativo que procure uma velocidade consistente independentemente da sua localiza\u00e7\u00e3o geogr\u00e1fica.<\/div>\t\t\t\t\t\t\t\t<\/div>\n\t\t\t\t<\/div>\n\t\t\t\t<div class=\"elementor-element elementor-element-367e202 elementor-widget elementor-widget-text-editor\" data-id=\"367e202\" data-element_type=\"widget\" data-widget_type=\"text-editor.default\">\n\t\t\t\t<div class=\"elementor-widget-container\">\n\t\t\t\t\t\t\t\t\t<ul><li>Conectividade com fibra \u00f3tica<\/li><li>Ideal para EA<\/li><li>Terminal virtual preparado e configurado<\/li><li>Executa ordens com o m\u00ednimo de atraso<\/li><li>Trading automatizado 24\/5<\/li><li>Velocidade de conectividade \u00f3tima<\/li><li>Recupera\u00e7\u00e3o r\u00e1pida dos dados perdidos<\/li><\/ul>\t\t\t\t\t\t\t\t<\/div>\n\t\t\t\t<\/div>\n\t\t\t\t\t<\/div>\n\t\t<\/div>\n\t\t\t\t<div class=\"elementor-column elementor-col-50 elementor-top-column elementor-element elementor-element-40c89e5 elementor-hidden-tablet elementor-hidden-mobile\" data-id=\"40c89e5\" data-element_type=\"column\">\n\t\t\t<div class=\"elementor-widget-wrap elementor-element-populated\">\n\t\t\t\t\t\t<div class=\"elementor-element elementor-element-11da67a animated-slow elementor-hidden-tablet elementor-hidden-mobile elementor-widget__width-initial elementor-invisible elementor-widget elementor-widget-image\" data-id=\"11da67a\" data-element_type=\"widget\" data-settings=\"{&quot;_animation&quot;:&quot;fadeInLeft&quot;}\" data-widget_type=\"image.default\">\n\t\t\t\t<div class=\"elementor-widget-container\">\n\t\t\t\t\t\t\t\t\t\t\t\t\t\t\t<img fetchpriority=\"high\" decoding=\"async\" width=\"457\" height=\"611\" src=\"\/fxg\/wp-content\/uploads\/2022\/03\/vps-trading-server-speed-terminal.png\" class=\"attachment-large size-large wp-image-9780\" alt=\"Trade using the vps trading server\" \/>\t\t\t\t\t\t\t\t\t\t\t\t\t\t\t<\/div>\n\t\t\t\t<\/div>\n\t\t\t\t\t<\/div>\n\t\t<\/div>\n\t\t\t\t\t<\/div>\n\t\t<\/section>\n\t\t\t\t<section class=\"elementor-section elementor-top-section elementor-element elementor-element-41b8d7e elementor-section-boxed elementor-section-height-default elementor-section-height-default\" data-id=\"41b8d7e\" data-element_type=\"section\" data-settings=\"{&quot;background_background&quot;:&quot;classic&quot;}\">\n\t\t\t\t\t\t<div class=\"elementor-container elementor-column-gap-default\">\n\t\t\t\t\t<div class=\"elementor-column elementor-col-100 elementor-top-column elementor-element elementor-element-5881d89\" data-id=\"5881d89\" data-element_type=\"column\">\n\t\t\t<div class=\"elementor-widget-wrap elementor-element-populated\">\n\t\t\t\t\t\t<section class=\"elementor-section elementor-inner-section elementor-element elementor-element-8df73f2 elementor-section-boxed elementor-section-height-default elementor-section-height-default\" data-id=\"8df73f2\" data-element_type=\"section\">\n\t\t\t\t\t\t<div class=\"elementor-container elementor-column-gap-default\">\n\t\t\t\t\t<div class=\"elementor-column elementor-col-50 elementor-inner-column elementor-element elementor-element-b55152c elementor-hidden-tablet elementor-hidden-mobile\" data-id=\"b55152c\" data-element_type=\"column\">\n\t\t\t<div class=\"elementor-widget-wrap elementor-element-populated\">\n\t\t\t\t\t\t<div class=\"elementor-element elementor-element-894e130 elementor-widget elementor-widget-image\" data-id=\"894e130\" data-element_type=\"widget\" data-widget_type=\"image.default\">\n\t\t\t\t<div class=\"elementor-widget-container\">\n\t\t\t\t\t\t\t\t\t\t\t\t\t\t\t<img decoding=\"async\" width=\"571\" height=\"312\" src=\"\/fxg\/wp-content\/uploads\/2022\/03\/vps-mt-4-trading-server-hosting.png\" class=\"attachment-large size-large wp-image-9788\" alt=\"Start trading on the MT4 with the vps hosting\" \/>\t\t\t\t\t\t\t\t\t\t\t\t\t\t\t<\/div>\n\t\t\t\t<\/div>\n\t\t\t\t\t<\/div>\n\t\t<\/div>\n\t\t\t\t<div class=\"elementor-column elementor-col-50 elementor-inner-column elementor-element elementor-element-b1875d1\" data-id=\"b1875d1\" data-element_type=\"column\">\n\t\t\t<div class=\"elementor-widget-wrap elementor-element-populated\">\n\t\t\t\t\t\t<div class=\"elementor-element elementor-element-32dce5b elementor-widget elementor-widget-heading\" data-id=\"32dce5b\" data-element_type=\"widget\" data-widget_type=\"heading.default\">\n\t\t\t\t<div class=\"elementor-widget-container\">\n\t\t\t\t\t<h2 class=\"elementor-heading-title elementor-size-default\">Quem pode solicitar VPS?<\/h2>\t\t\t\t<\/div>\n\t\t\t\t<\/div>\n\t\t\t\t<div class=\"elementor-element elementor-element-8fde2e6 elementor-widget elementor-widget-text-editor\" data-id=\"8fde2e6\" data-element_type=\"widget\" data-widget_type=\"text-editor.default\">\n\t\t\t\t<div class=\"elementor-widget-container\">\n\t\t\t\t\t\t\t\t\t<p><span data-mce-type=\"bookmark\" style=\"display: inline-block; width: 0px; overflow: hidden; line-height: 0;\" class=\"mce_SELRES_start\"><\/span>FXGiants oferece o servi\u00e7o MT4 VPS gratuito a clientes novos e existentes que depositam e mant\u00eam um montante m\u00ednimo de 5.000 USD ou qualquer outra moeda equivalente em qualquer momento. Se os crit\u00e9rios n\u00e3o forem cumpridos, os clientes podem solicitar o hosting FXGiants MT4 VPS e cobrir a taxa m\u00ednima necess\u00e1ria para utilizar o servi\u00e7o VPS.<br \/>\nCarregue aqui para ler os <a href=\"https:\/\/shared.gighl.com\/FREEVPSService\/FXG_BVI_FREEVPSService_2025-001.pdf\" target=\"_blank\">Termos e Condi\u00e7\u00f5es<\/a><\/p>\t\t\t\t\t\t\t\t<\/div>\n\t\t\t\t<\/div>\n\t\t\t\t\t<\/div>\n\t\t<\/div>\n\t\t\t\t\t<\/div>\n\t\t<\/section>\n\t\t\t\t\t<\/div>\n\t\t<\/div>\n\t\t\t\t\t<\/div>\n\t\t<\/section>\n\t\t\t\t<section class=\"elementor-section elementor-top-section elementor-element elementor-element-02c9899 elementor-section-boxed elementor-section-height-default elementor-section-height-default\" data-id=\"02c9899\" data-element_type=\"section\">\n\t\t\t\t\t\t<div class=\"elementor-container elementor-column-gap-no\">\n\t\t\t\t\t<div class=\"elementor-column elementor-col-50 elementor-top-column elementor-element elementor-element-bccfde2\" data-id=\"bccfde2\" data-element_type=\"column\">\n\t\t\t<div class=\"elementor-widget-wrap elementor-element-populated\">\n\t\t\t\t\t\t<div class=\"elementor-element elementor-element-00aa337 elementor-widget elementor-widget-heading\" data-id=\"00aa337\" data-element_type=\"widget\" data-widget_type=\"heading.default\">\n\t\t\t\t<div class=\"elementor-widget-container\">\n\t\t\t\t\t<h2 class=\"elementor-heading-title elementor-size-default\">Especifica\u00e7\u00f5es VPS<\/h2>\t\t\t\t<\/div>\n\t\t\t\t<\/div>\n\t\t\t\t<div class=\"elementor-element elementor-element-886a1f4 elementor-widget elementor-widget-text-editor\" data-id=\"886a1f4\" data-element_type=\"widget\" data-widget_type=\"text-editor.default\">\n\t\t\t\t<div class=\"elementor-widget-container\">\n\t\t\t\t\t\t\t\t\t<ul>\n<li>2.4GHz Intel Xeon CPU<\/li>\n<li>2GB Ram<\/li>\n<li>55GB of HDD Storage Space<\/li>\n<li>Microsoft Windows Server 2022<\/li>\n<li>Configura\u00e7\u00f5es personalizadas dispon\u00edvel<\/li>\n<li>IP dedicado<\/li>\n<li>Alojado num Data Center seguro<\/li>\n<li>Dispon\u00edvel em 24 horas<\/li>\n<\/ul>\t\t\t\t\t\t\t\t<\/div>\n\t\t\t\t<\/div>\n\t\t\t\t\t<\/div>\n\t\t<\/div>\n\t\t\t\t<div class=\"elementor-column elementor-col-50 elementor-top-column elementor-element elementor-element-f084f0a elementor-hidden-tablet elementor-hidden-mobile\" data-id=\"f084f0a\" data-element_type=\"column\">\n\t\t\t<div class=\"elementor-widget-wrap elementor-element-populated\">\n\t\t\t\t\t\t<div class=\"elementor-element elementor-element-0b3de0e animated-slow elementor-hidden-tablet elementor-hidden-mobile elementor-widget__width-initial elementor-invisible elementor-widget elementor-widget-image\" data-id=\"0b3de0e\" data-element_type=\"widget\" data-settings=\"{&quot;_animation&quot;:&quot;fadeInLeft&quot;}\" data-widget_type=\"image.default\">\n\t\t\t\t<div class=\"elementor-widget-container\">\n\t\t\t\t\t\t\t\t\t\t\t\t\t\t\t<img decoding=\"async\" width=\"800\" height=\"569\" src=\"\/fxg\/wp-content\/uploads\/2024\/09\/virtual-private-server-hosting-terminal.png\" class=\"attachment-large size-large wp-image-24529\" alt=\"\" \/>\t\t\t\t\t\t\t\t\t\t\t\t\t\t\t<\/div>\n\t\t\t\t<\/div>\n\t\t\t\t\t<\/div>\n\t\t<\/div>\n\t\t\t\t\t<\/div>\n\t\t<\/section>\n\t\t\t\t<section class=\"elementor-section elementor-top-section elementor-element elementor-element-744e8c6 elementor-section-full_width elementor-section-height-default elementor-section-height-default\" data-id=\"744e8c6\" data-element_type=\"section\" data-settings=\"{&quot;background_background&quot;:&quot;classic&quot;}\">\n\t\t\t\t\t\t<div class=\"elementor-container elementor-column-gap-no\">\n\t\t\t\t\t<div class=\"elementor-column elementor-col-100 elementor-top-column elementor-element elementor-element-6830c5e\" data-id=\"6830c5e\" data-element_type=\"column\">\n\t\t\t<div class=\"elementor-widget-wrap elementor-element-populated\">\n\t\t\t\t\t\t<section class=\"elementor-section elementor-inner-section elementor-element elementor-element-21f36e7 elementor-section-boxed elementor-section-height-default elementor-section-height-default\" data-id=\"21f36e7\" data-element_type=\"section\" data-settings=\"{&quot;background_background&quot;:&quot;classic&quot;}\">\n\t\t\t\t\t\t<div class=\"elementor-container elementor-column-gap-no\">\n\t\t\t\t\t<div class=\"elementor-column elementor-col-100 elementor-inner-column elementor-element elementor-element-77f3bc7\" data-id=\"77f3bc7\" data-element_type=\"column\" data-settings=\"{&quot;background_background&quot;:&quot;classic&quot;}\">\n\t\t\t<div class=\"elementor-widget-wrap elementor-element-populated\">\n\t\t\t\t\t\t<div class=\"elementor-element elementor-element-2ee852f elementor-widget elementor-widget-text-editor\" data-id=\"2ee852f\" data-element_type=\"widget\" data-widget_type=\"text-editor.default\">\n\t\t\t\t<div class=\"elementor-widget-container\">\n\t\t\t\t\t\t\t\t\t<p>A FXGiants\u00a0oferece-lhe pre\u00e7os competitivos e r\u00e1pida execu\u00e7\u00e3o de mercado.\u00a0\u00a0\u00a0<\/p><p>Comece a negociar hoje com um broker robusto.\u00a0<\/p>\t\t\t\t\t\t\t\t<\/div>\n\t\t\t\t<\/div>\n\t\t\t\t<div class=\"elementor-element elementor-element-7ae8524 elementor-align-center button-angled-holder elementor-widget elementor-widget-button\" data-id=\"7ae8524\" data-element_type=\"widget\" data-settings=\"{&quot;_animation&quot;:&quot;none&quot;}\" data-widget_type=\"button.default\">\n\t\t\t\t<div class=\"elementor-widget-container\">\n\t\t\t\t\t\t\t\t\t<div class=\"elementor-button-wrapper\">\n\t\t\t\t\t<a class=\"elementor-button elementor-button-link elementor-size-sm\" href=\"https:\/\/nep.fxgiants.com\/pt\/registration\">\n\t\t\t\t\t\t<span class=\"elementor-button-content-wrapper\">\n\t\t\t\t\t\t\t\t\t<span class=\"elementor-button-text\">Abrir conta<\/span>\n\t\t\t\t\t<\/span>\n\t\t\t\t\t<\/a>\n\t\t\t\t<\/div>\n\t\t\t\t\t\t\t\t<\/div>\n\t\t\t\t<\/div>\n\t\t\t\t<div class=\"elementor-element elementor-element-e487316 fa-rtl-btn elementor-widget elementor-widget-text-editor\" data-id=\"e487316\" data-element_type=\"widget\" data-widget_type=\"text-editor.default\">\n\t\t\t\t<div class=\"elementor-widget-container\">\n\t\t\t\t\t\t\t\t\t<p>Ou experimente a <a href=\"https:\/\/nep.fxgiants.com\/pt\/register?flowkey=demo\">nossa conta demo<\/a> <img decoding=\"async\" class=\"arrowed-image\" src=\"\/fxg\/wp-content\/uploads\/2022\/03\/link-arrow.svg\" alt=\"A blue arrow pointing right depicting how you can be redirected to a link\" \/><\/p>\t\t\t\t\t\t\t\t<\/div>\n\t\t\t\t<\/div>\n\t\t\t\t<div class=\"elementor-element elementor-element-55444b9 elementor-widget elementor-widget-heading\" data-id=\"55444b9\" data-element_type=\"widget\" data-widget_type=\"heading.default\">\n\t\t\t\t<div class=\"elementor-widget-container\">\n\t\t\t\t\t<div class=\"elementor-heading-title elementor-size-default translation-block\">Existem riscos associados ao trading. <br>\u00c9 poss\u00edvel perder todo o seu capital.<\/div>\t\t\t\t<\/div>\n\t\t\t\t<\/div>\n\t\t\t\t\t<\/div>\n\t\t<\/div>\n\t\t\t\t\t<\/div>\n\t\t<\/section>\n\t\t\t\t\t<\/div>\n\t\t<\/div>\n\t\t\t\t\t<\/div>\n\t\t<\/section>\n\t\t\t\t<\/div>","protected":false},"excerpt":{"rendered":"<p>MT4 VPS Connect your trading account to FXGiants Free MT4 VPS (Virtual Private [&hellip;]<\/p>","protected":false},"author":1,"featured_media":0,"parent":1771,"menu_order":0,"comment_status":"closed","ping_status":"closed","template":"","meta":{"_acf_changed":false,"footnotes":""},"class_list":["post-9771","page","type-page","status-publish","hentry"],"acf":[],"yoast_head":"<!-- This site is optimized with the Yoast SEO Premium plugin v26.2 (Yoast SEO v26.2) - https:\/\/yoast.com\/wordpress\/plugins\/seo\/ -->\n<title>FXGiants | Trade Forex CFDs Using our VPS. FXGiants&#039; Latest Technology<\/title>\n<meta name=\"description\" content=\"Trade CFDs safely by using our free Virtual Private Server. Sign up, open your account and benefit from this powerful tool. Trade online with the latest technology.\" \/>\n<meta name=\"robots\" content=\"index, follow, max-snippet:-1, max-image-preview:large, max-video-preview:-1\" \/>\n<link rel=\"canonical\" href=\"https:\/\/www.fxgiants-it.com\/fxg\/pt\/\" \/>\n<meta property=\"og:locale\" content=\"pt_PT\" \/>\n<meta property=\"og:type\" content=\"article\" \/>\n<meta property=\"og:title\" content=\"VPS Hosting\" \/>\n<meta property=\"og:description\" content=\"Trade CFDs safely by using our free Virtual Private Server. Sign up, open your account and benefit from this powerful tool. Trade online with the latest technology.\" \/>\n<meta property=\"og:url\" content=\"\/fxg\/pt\/\" \/>\n<meta property=\"og:site_name\" content=\"FXGiants\" \/>\n<meta property=\"article:modified_time\" content=\"2025-10-17T13:40:34+00:00\" \/>\n<meta name=\"twitter:card\" content=\"summary_large_image\" \/>\n<meta name=\"twitter:label1\" content=\"Tempo estimado de leitura\" \/>\n\t<meta name=\"twitter:data1\" content=\"3 minutos\" \/>\n<script type=\"application\/ld+json\" class=\"yoast-schema-graph\">{\"@context\":\"https:\/\/schema.org\",\"@graph\":[{\"@type\":\"WebPage\",\"@id\":\"\/\",\"url\":\"https:\/\/www.fxgiants-it.com\/\",\"name\":\"FXGiants | Trade Forex CFDs Using our VPS. FXGiants' Latest Technology\",\"isPartOf\":{\"@id\":\"https:\/\/www.fxgiants-it.com\/fxg\/tr\/#website\"},\"datePublished\":\"2022-03-16T22:34:29+00:00\",\"dateModified\":\"2025-10-17T13:40:34+00:00\",\"description\":\"Trade CFDs safely by using our free Virtual Private Server. Sign up, open your account and benefit from this powerful tool. Trade online with the latest technology.\",\"breadcrumb\":{\"@id\":\"https:\/\/www.fxgiants-it.com\/#breadcrumb\"},\"inLanguage\":\"pt-PT\",\"potentialAction\":[{\"@type\":\"ReadAction\",\"target\":[\"https:\/\/www.fxgiants-it.com\/\"]}]},{\"@type\":\"BreadcrumbList\",\"@id\":\"https:\/\/www.fxgiants-it.com\/#breadcrumb\",\"itemListElement\":[{\"@type\":\"ListItem\",\"position\":1,\"name\":\"Home\",\"item\":\"https:\/\/www.fxgiants-it.com\/fxg\/pt\/\"},{\"@type\":\"ListItem\",\"position\":2,\"name\":\"Platforms\",\"item\":\"https:\/\/www.fxgiants-it.com\/fxg\/pt\/platforms\/\"},{\"@type\":\"ListItem\",\"position\":3,\"name\":\"VPS Hosting\"}]},{\"@type\":\"WebSite\",\"@id\":\"https:\/\/www.fxgiants-it.com\/fxg\/tr\/#website\",\"url\":\"https:\/\/www.fxgiants-it.com\/fxg\/tr\/\",\"name\":\"FXGiants\",\"description\":\"\",\"publisher\":{\"@id\":\"https:\/\/www.fxgiants-it.com\/fxg\/tr\/#organization\"},\"potentialAction\":[{\"@type\":\"SearchAction\",\"target\":{\"@type\":\"EntryPoint\",\"urlTemplate\":\"https:\/\/www.fxgiants-it.com\/fxg\/tr\/?s={search_term_string}\"},\"query-input\":{\"@type\":\"PropertyValueSpecification\",\"valueRequired\":true,\"valueName\":\"search_term_string\"}}],\"inLanguage\":\"pt-PT\"},{\"@type\":\"Organization\",\"@id\":\"https:\/\/www.fxgiants-it.com\/fxg\/tr\/#organization\",\"name\":\"FXGiants\",\"url\":\"https:\/\/www.fxgiants-it.com\/fxg\/tr\/\",\"logo\":{\"@type\":\"ImageObject\",\"inLanguage\":\"pt-PT\",\"@id\":\"https:\/\/www.fxgiants-it.com\/fxg\/tr\/#\/schema\/logo\/image\/\",\"url\":\"\/fxg\/wp-content\/uploads\/2021\/11\/logo.svg\",\"contentUrl\":\"\/fxg\/wp-content\/uploads\/2021\/11\/logo.svg\",\"width\":134,\"height\":25,\"caption\":\"FXGiants\"},\"image\":{\"@id\":\"https:\/\/www.fxgiants-it.com\/fxg\/tr\/#\/schema\/logo\/image\/\"}}]}<\/script>\n<!-- \/ Yoast SEO Premium plugin. -->","yoast_head_json":{"title":"FXGiants | Trade Forex CFDs Using our VPS. FXGiants' Latest Technology","description":"Trade CFDs safely by using our free Virtual Private Server. Sign up, open your account and benefit from this powerful tool. Trade online with the latest technology.","robots":{"index":"index","follow":"follow","max-snippet":"max-snippet:-1","max-image-preview":"max-image-preview:large","max-video-preview":"max-video-preview:-1"},"canonical":"https:\/\/www.fxgiants-it.com\/fxg\/pt\/","og_locale":"pt_PT","og_type":"article","og_title":"VPS Hosting","og_description":"Trade CFDs safely by using our free Virtual Private Server. Sign up, open your account and benefit from this powerful tool. Trade online with the latest technology.","og_url":"\/fxg\/pt\/","og_site_name":"FXGiants","article_modified_time":"2025-10-17T13:40:34+00:00","twitter_card":"summary_large_image","twitter_misc":{"Tempo estimado de leitura":"3 minutos"},"schema":{"@context":"https:\/\/schema.org","@graph":[{"@type":"WebPage","@id":"\/","url":"https:\/\/www.fxgiants-it.com\/","name":"FXGiants | Trade Forex CFDs Using our VPS. FXGiants' Latest Technology","isPartOf":{"@id":"https:\/\/www.fxgiants-it.com\/fxg\/tr\/#website"},"datePublished":"2022-03-16T22:34:29+00:00","dateModified":"2025-10-17T13:40:34+00:00","description":"Trade CFDs safely by using our free Virtual Private Server. Sign up, open your account and benefit from this powerful tool. Trade online with the latest technology.","breadcrumb":{"@id":"https:\/\/www.fxgiants-it.com\/#breadcrumb"},"inLanguage":"pt-PT","potentialAction":[{"@type":"ReadAction","target":["https:\/\/www.fxgiants-it.com\/"]}]},{"@type":"BreadcrumbList","@id":"https:\/\/www.fxgiants-it.com\/#breadcrumb","itemListElement":[{"@type":"ListItem","position":1,"name":"Home","item":"https:\/\/www.fxgiants-it.com\/fxg\/pt\/"},{"@type":"ListItem","position":2,"name":"Platforms","item":"https:\/\/www.fxgiants-it.com\/fxg\/pt\/platforms\/"},{"@type":"ListItem","position":3,"name":"VPS Hosting"}]},{"@type":"WebSite","@id":"https:\/\/www.fxgiants-it.com\/fxg\/tr\/#website","url":"https:\/\/www.fxgiants-it.com\/fxg\/tr\/","name":"FXGiants","description":"","publisher":{"@id":"https:\/\/www.fxgiants-it.com\/fxg\/tr\/#organization"},"potentialAction":[{"@type":"SearchAction","target":{"@type":"EntryPoint","urlTemplate":"https:\/\/www.fxgiants-it.com\/fxg\/tr\/?s={search_term_string}"},"query-input":{"@type":"PropertyValueSpecification","valueRequired":true,"valueName":"search_term_string"}}],"inLanguage":"pt-PT"},{"@type":"Organization","@id":"https:\/\/www.fxgiants-it.com\/fxg\/tr\/#organization","name":"FXGiants","url":"https:\/\/www.fxgiants-it.com\/fxg\/tr\/","logo":{"@type":"ImageObject","inLanguage":"pt-PT","@id":"https:\/\/www.fxgiants-it.com\/fxg\/tr\/#\/schema\/logo\/image\/","url":"\/fxg\/wp-content\/uploads\/2021\/11\/logo.svg","contentUrl":"\/fxg\/wp-content\/uploads\/2021\/11\/logo.svg","width":134,"height":25,"caption":"FXGiants"},"image":{"@id":"https:\/\/www.fxgiants-it.com\/fxg\/tr\/#\/schema\/logo\/image\/"}}]}},"_links":{"self":[{"href":"https:\/\/www.fxgiants-it.com\/fxg\/pt\/wp-json\/wp\/v2\/pages\/9771","targetHints":{"allow":["GET"]}}],"collection":[{"href":"https:\/\/www.fxgiants-it.com\/fxg\/pt\/wp-json\/wp\/v2\/pages"}],"about":[{"href":"https:\/\/www.fxgiants-it.com\/fxg\/pt\/wp-json\/wp\/v2\/types\/page"}],"author":[{"embeddable":true,"href":"https:\/\/www.fxgiants-it.com\/fxg\/pt\/wp-json\/wp\/v2\/users\/1"}],"replies":[{"embeddable":true,"href":"https:\/\/www.fxgiants-it.com\/fxg\/pt\/wp-json\/wp\/v2\/comments?post=9771"}],"version-history":[{"count":10,"href":"https:\/\/www.fxgiants-it.com\/fxg\/pt\/wp-json\/wp\/v2\/pages\/9771\/revisions"}],"predecessor-version":[{"id":27473,"href":"https:\/\/www.fxgiants-it.com\/fxg\/pt\/wp-json\/wp\/v2\/pages\/9771\/revisions\/27473"}],"up":[{"embeddable":true,"href":"https:\/\/www.fxgiants-it.com\/fxg\/pt\/wp-json\/wp\/v2\/pages\/1771"}],"wp:attachment":[{"href":"https:\/\/www.fxgiants-it.com\/fxg\/pt\/wp-json\/wp\/v2\/media?parent=9771"}],"curies":[{"name":"wp","href":"https:\/\/api.w.org\/{rel}","templated":true}]}}